{"id":1177,"date":"2024-07-11T14:18:53","date_gmt":"2024-07-11T12:18:53","guid":{"rendered":"https:\/\/figari-aeroport.cci.corsica\/?page_id=1177"},"modified":"2024-09-11T10:18:36","modified_gmt":"2024-09-11T08:18:36","slug":"history","status":"publish","type":"page","link":"https:\/\/figari-aeroport.cci.corsica\/en\/histoire\/","title":{"rendered":"History"},"content":{"rendered":"<div data-elementor-type=\"wp-page\" data-elementor-id=\"1177\" class=\"elementor elementor-1177\" data-elementor-post-type=\"page\">\n\t\t\t\t<div class=\"elementor-element elementor-element-ef7a7d2 e-flex e-con-boxed e-con e-parent\" data-id=\"ef7a7d2\" data-element_type=\"container\">\n\t\t\t\t\t<div class=\"e-con-inner\">\n\t\t\t\t<div class=\"elementor-element elementor-element-2ae3734 elementor-widget elementor-widget-text-editor\" data-id=\"2ae3734\" data-element_type=\"widget\" data-widget_type=\"text-editor.default\">\n\t\t\t\t<div class=\"elementor-widget-container\">\n\t\t\t\t\t\t\t\t\t<p>On 1 September 1970, the Figari town hall hosted the first meeting with a view to building an airport, then planned as a category D facility, to open up the south of Corsica.<\/p><p>In 1971, the airport project was upgraded to category B. At the time, the sum of 56 million francs was invested in the construction.<\/p><p>Opened on 22 July 1975, Figaro-Sud Corse airport was served in its early years by Air Alpes, TAT, EAS, Point Air, Air Libert\u00e9, Air Littoral, Air Lib and Kyrnair. All these companies have since gone bankrupt.<\/p>\t\t\t\t\t\t\t\t<\/div>\n\t\t\t\t<\/div>\n\t\t\t\t\t<\/div>\n\t\t\t\t<\/div>\n\t\t<div class=\"elementor-element elementor-element-096d9f4 e-flex e-con-boxed e-con e-parent\" data-id=\"096d9f4\" data-element_type=\"container\">\n\t\t\t\t\t<div class=\"e-con-inner\">\n\t\t<div class=\"elementor-element elementor-element-afbde3a e-con-full e-flex e-con e-child\" data-id=\"afbde3a\" data-element_type=\"container\">\n\t\t\t\t<div class=\"elementor-element elementor-element-f260b6e elementor-widget elementor-widget-image\" data-id=\"f260b6e\" data-element_type=\"widget\" data-widget_type=\"image.default\">\n\t\t\t\t<div class=\"elementor-widget-container\">\n\t\t\t\t\t\t\t\t\t\t\t\t\t\t\t<img fetchpriority=\"high\" decoding=\"async\" width=\"523\" height=\"212\" src=\"https:\/\/figari-aeroport.cci.corsica\/wp-content\/uploads\/sites\/5\/2024\/09\/histoire-figari-1.png\" class=\"attachment-large size-large wp-image-1649\" alt=\"Vintage photo of the airport\" srcset=\"https:\/\/figari-aeroport.cci.corsica\/wp-content\/uploads\/sites\/5\/2024\/09\/histoire-figari-1.png 523w, https:\/\/figari-aeroport.cci.corsica\/wp-content\/uploads\/sites\/5\/2024\/09\/histoire-figari-1-300x122.png 300w, https:\/\/figari-aeroport.cci.corsica\/wp-content\/uploads\/sites\/5\/2024\/09\/histoire-figari-1-18x7.png 18w\" sizes=\"(max-width: 523px) 100vw, 523px\" \/>\t\t\t\t\t\t\t\t\t\t\t\t\t\t\t<\/div>\n\t\t\t\t<\/div>\n\t\t\t\t<\/div>\n\t\t<div class=\"elementor-element elementor-element-4f1da1d e-con-full e-flex e-con e-child\" data-id=\"4f1da1d\" data-element_type=\"container\">\n\t\t\t\t<div class=\"elementor-element elementor-element-107bca5 elementor-widget elementor-widget-image\" data-id=\"107bca5\" data-element_type=\"widget\" data-widget_type=\"image.default\">\n\t\t\t\t<div class=\"elementor-widget-container\">\n\t\t\t\t\t\t\t\t\t\t\t\t\t\t\t<img decoding=\"async\" width=\"421\" height=\"227\" src=\"https:\/\/figari-aeroport.cci.corsica\/wp-content\/uploads\/sites\/5\/2024\/09\/histoire-figari-2.png\" class=\"attachment-large size-large wp-image-1650\" alt=\"Vintage photo of a plane on the tarmac at Figari airport\" srcset=\"https:\/\/figari-aeroport.cci.corsica\/wp-content\/uploads\/sites\/5\/2024\/09\/histoire-figari-2.png 421w, https:\/\/figari-aeroport.cci.corsica\/wp-content\/uploads\/sites\/5\/2024\/09\/histoire-figari-2-300x162.png 300w, https:\/\/figari-aeroport.cci.corsica\/wp-content\/uploads\/sites\/5\/2024\/09\/histoire-figari-2-18x10.png 18w\" sizes=\"(max-width: 421px) 100vw, 421px\" \/>\t\t\t\t\t\t\t\t\t\t\t\t\t\t\t<\/div>\n\t\t\t\t<\/div>\n\t\t\t\t<\/div>\n\t\t\t\t\t<\/div>\n\t\t\t\t<\/div>\n\t\t<div class=\"elementor-element elementor-element-e12839e e-flex e-con-boxed e-con e-parent\" data-id=\"e12839e\" data-element_type=\"container\">\n\t\t\t\t\t<div class=\"e-con-inner\">\n\t\t\t\t<div class=\"elementor-element elementor-element-9febe71 elementor-widget elementor-widget-text-editor\" data-id=\"9febe71\" data-element_type=\"widget\" data-widget_type=\"text-editor.default\">\n\t\t\t\t<div class=\"elementor-widget-container\">\n\t\t\t\t\t\t\t\t\t<p>Today, the hub is served year-round by Air Corsica in association with Air France as part of the public service to and from Marseille, Nice and Paris Orly.<\/p><p>The 1st low-cost airline to land at the airport was Ryanair in 2009. Since then, low-cost traffic has increased tenfold in the space of ten years!<\/p><p>From the end of March to the beginning of November (IATA summer season), air traffic at the airport is much higher thanks to the additional seats offered by around ten airlines in addition to Air Corsica and Air France.<\/p><p>Figari-Sud Corse airport is also the largest in Corsica in terms of business aviation traffic (aircraft movements), with a new terminal dedicated to this clientele since June 2013.<\/p>\t\t\t\t\t\t\t\t<\/div>\n\t\t\t\t<\/div>\n\t\t\t\t\t<\/div>\n\t\t\t\t<\/div>\n\t\t<div class=\"elementor-element elementor-element-c4ca0dc e-flex e-con-boxed e-con e-parent\" data-id=\"c4ca0dc\" data-element_type=\"container\">\n\t\t\t\t\t<div class=\"e-con-inner\">\n\t\t<div class=\"elementor-element elementor-element-cc42dcc e-con-full e-flex e-con e-child\" data-id=\"cc42dcc\" data-element_type=\"container\">\n\t\t\t\t<div class=\"elementor-element elementor-element-66b4d2d elementor-widget elementor-widget-image\" data-id=\"66b4d2d\" data-element_type=\"widget\" data-widget_type=\"image.default\">\n\t\t\t\t<div class=\"elementor-widget-container\">\n\t\t\t\t\t\t\t\t\t\t\t\t\t\t\t<img decoding=\"async\" width=\"463\" height=\"247\" src=\"https:\/\/figari-aeroport.cci.corsica\/wp-content\/uploads\/sites\/5\/2024\/09\/histoire-figari-3.png\" class=\"attachment-large size-large wp-image-1655\" alt=\"Aerial view of Figari airport in the past\" srcset=\"https:\/\/figari-aeroport.cci.corsica\/wp-content\/uploads\/sites\/5\/2024\/09\/histoire-figari-3.png 463w, https:\/\/figari-aeroport.cci.corsica\/wp-content\/uploads\/sites\/5\/2024\/09\/histoire-figari-3-300x160.png 300w, https:\/\/figari-aeroport.cci.corsica\/wp-content\/uploads\/sites\/5\/2024\/09\/histoire-figari-3-18x10.png 18w\" sizes=\"(max-width: 463px) 100vw, 463px\" \/>\t\t\t\t\t\t\t\t\t\t\t\t\t\t\t<\/div>\n\t\t\t\t<\/div>\n\t\t\t\t<div class=\"elementor-element elementor-element-8dee62a elementor-widget elementor-widget-image\" data-id=\"8dee62a\" data-element_type=\"widget\" data-widget_type=\"image.default\">\n\t\t\t\t<div class=\"elementor-widget-container\">\n\t\t\t\t\t\t\t\t\t\t\t\t\t\t\t<img loading=\"lazy\" decoding=\"async\" width=\"449\" height=\"336\" src=\"https:\/\/figari-aeroport.cci.corsica\/wp-content\/uploads\/sites\/5\/2024\/09\/histoire-figari-4.png\" class=\"attachment-large size-large wp-image-1652\" alt=\"Aerial view of Figari airport\" srcset=\"https:\/\/figari-aeroport.cci.corsica\/wp-content\/uploads\/sites\/5\/2024\/09\/histoire-figari-4.png 449w, https:\/\/figari-aeroport.cci.corsica\/wp-content\/uploads\/sites\/5\/2024\/09\/histoire-figari-4-300x224.png 300w, https:\/\/figari-aeroport.cci.corsica\/wp-content\/uploads\/sites\/5\/2024\/09\/histoire-figari-4-16x12.png 16w\" sizes=\"(max-width: 449px) 100vw, 449px\" \/>\t\t\t\t\t\t\t\t\t\t\t\t\t\t\t<\/div>\n\t\t\t\t<\/div>\n\t\t\t\t<\/div>\n\t\t<div class=\"elementor-element elementor-element-44244dd e-con-full e-flex e-con e-child\" data-id=\"44244dd\" data-element_type=\"container\">\n\t\t\t\t<div class=\"elementor-element elementor-element-46b280c elementor-widget elementor-widget-image\" data-id=\"46b280c\" data-element_type=\"widget\" data-widget_type=\"image.default\">\n\t\t\t\t<div class=\"elementor-widget-container\">\n\t\t\t\t\t\t\t\t\t\t\t\t\t\t\t<img loading=\"lazy\" decoding=\"async\" width=\"431\" height=\"319\" src=\"https:\/\/figari-aeroport.cci.corsica\/wp-content\/uploads\/sites\/5\/2024\/09\/histoire-figari-5.png\" class=\"attachment-large size-large wp-image-1653\" alt=\"Aerial view of Figari airport\" srcset=\"https:\/\/figari-aeroport.cci.corsica\/wp-content\/uploads\/sites\/5\/2024\/09\/histoire-figari-5.png 431w, https:\/\/figari-aeroport.cci.corsica\/wp-content\/uploads\/sites\/5\/2024\/09\/histoire-figari-5-300x222.png 300w, https:\/\/figari-aeroport.cci.corsica\/wp-content\/uploads\/sites\/5\/2024\/09\/histoire-figari-5-16x12.png 16w\" sizes=\"(max-width: 431px) 100vw, 431px\" \/>\t\t\t\t\t\t\t\t\t\t\t\t\t\t\t<\/div>\n\t\t\t\t<\/div>\n\t\t\t\t<div class=\"elementor-element elementor-element-21a7596 elementor-widget elementor-widget-image\" data-id=\"21a7596\" data-element_type=\"widget\" data-widget_type=\"image.default\">\n\t\t\t\t<div class=\"elementor-widget-container\">\n\t\t\t\t\t\t\t\t\t\t\t\t\t\t\t<img loading=\"lazy\" decoding=\"async\" width=\"435\" height=\"327\" src=\"https:\/\/figari-aeroport.cci.corsica\/wp-content\/uploads\/sites\/5\/2024\/09\/histoire-figari-6.png\" class=\"attachment-large size-large wp-image-1654\" alt=\"Aerial view of Figari airport in the past\" srcset=\"https:\/\/figari-aeroport.cci.corsica\/wp-content\/uploads\/sites\/5\/2024\/09\/histoire-figari-6.png 435w, https:\/\/figari-aeroport.cci.corsica\/wp-content\/uploads\/sites\/5\/2024\/09\/histoire-figari-6-300x226.png 300w, https:\/\/figari-aeroport.cci.corsica\/wp-content\/uploads\/sites\/5\/2024\/09\/histoire-figari-6-16x12.png 16w\" sizes=\"(max-width: 435px) 100vw, 435px\" \/>\t\t\t\t\t\t\t\t\t\t\t\t\t\t\t<\/div>\n\t\t\t\t<\/div>\n\t\t\t\t<\/div>\n\t\t\t\t\t<\/div>\n\t\t\t\t<\/div>\n\t\t<div class=\"elementor-element elementor-element-1c36671 e-flex e-con-boxed e-con e-parent\" data-id=\"1c36671\" data-element_type=\"container\">\n\t\t\t\t\t<div class=\"e-con-inner\">\n\t\t\t\t<div class=\"elementor-element elementor-element-ba50fef elementor-widget elementor-widget-text-editor\" data-id=\"ba50fef\" data-element_type=\"widget\" data-widget_type=\"text-editor.default\">\n\t\t\t\t<div class=\"elementor-widget-container\">\n\t\t\t\t\t\t\t\t\t<p>As a result of its strong growth in passenger numbers during the 2010s, the airport, which was designed to handle 500,000 passengers a year, set its traffic record in 2022 with 907,102 passengers, approaching the one million passenger mark.<\/p><p>Improvements were carried out in 2018 \/ 2019, as well as major repairs to the runway. This work caused a complete interruption to air traffic from 18\/02\/19 to 24\/03\/19. In addition, roadworks were carried out to facilitate access to the airport and reduce traffic jams in the village of Figari, especially during the summer period.<\/p><p>According to the Union des A\u00e9roports Fran\u00e7ais, Figari-Sud Corse will be France's 17th busiest airport by 2022 (by number of passengers carried - category &gt;100,000 passengers) and still the island's 3rd busiest airport after Ajaccio-Napol\u00e9on Bonaparte and Bastia-Poretta.<\/p>\t\t\t\t\t\t\t\t<\/div>\n\t\t\t\t<\/div>\n\t\t\t\t\t<\/div>\n\t\t\t\t<\/div>\n\t\t\t\t<\/div>","protected":false},"excerpt":{"rendered":"<p>C&rsquo;est le 1er septembre 1970 qu&rsquo;a lieu \u00e0 la mairie de Figari, la premi\u00e8re r\u00e9union visant \u00e0 construire un a\u00e9roport, alors pr\u00e9vu de cat\u00e9gorie D, pour d\u00e9senclaver le sud de la Corse. En 1971, le projet d&rsquo;a\u00e9roport est reclass\u00e9 en cat\u00e9gorie B. A l\u2019\u00e9poque, la somme de 56 millions de francs est investie pour la [&hellip;]<\/p>\n","protected":false},"author":13,"featured_media":1654,"parent":0,"menu_order":0,"comment_status":"closed","ping_status":"closed","template":"","meta":{"_acf_changed":false,"_seopress_robots_primary_cat":"","_seopress_titles_title":"","_seopress_titles_desc":"","_seopress_robots_index":"","footnotes":""},"type-de-page":[4],"class_list":["post-1177","page","type-page","status-publish","has-post-thumbnail","hentry","type-de-page-page-avec-image"],"acf":[],"_links":{"self":[{"href":"https:\/\/figari-aeroport.cci.corsica\/en\/wp-json\/wp\/v2\/pages\/1177","targetHints":{"allow":["GET"]}}],"collection":[{"href":"https:\/\/figari-aeroport.cci.corsica\/en\/wp-json\/wp\/v2\/pages"}],"about":[{"href":"https:\/\/figari-aeroport.cci.corsica\/en\/wp-json\/wp\/v2\/types\/page"}],"author":[{"embeddable":true,"href":"https:\/\/figari-aeroport.cci.corsica\/en\/wp-json\/wp\/v2\/users\/13"}],"replies":[{"embeddable":true,"href":"https:\/\/figari-aeroport.cci.corsica\/en\/wp-json\/wp\/v2\/comments?post=1177"}],"version-history":[{"count":10,"href":"https:\/\/figari-aeroport.cci.corsica\/en\/wp-json\/wp\/v2\/pages\/1177\/revisions"}],"predecessor-version":[{"id":1661,"href":"https:\/\/figari-aeroport.cci.corsica\/en\/wp-json\/wp\/v2\/pages\/1177\/revisions\/1661"}],"wp:featuredmedia":[{"embeddable":true,"href":"https:\/\/figari-aeroport.cci.corsica\/en\/wp-json\/wp\/v2\/media\/1654"}],"wp:attachment":[{"href":"https:\/\/figari-aeroport.cci.corsica\/en\/wp-json\/wp\/v2\/media?parent=1177"}],"wp:term":[{"taxonomy":"type-de-page","embeddable":true,"href":"https:\/\/figari-aeroport.cci.corsica\/en\/wp-json\/wp\/v2\/type-de-page?post=1177"}],"curies":[{"name":"wp","href":"https:\/\/api.w.org\/{rel}","templated":true}]}}