{"id":1414,"date":"2024-07-19T08:41:46","date_gmt":"2024-07-19T06:41:46","guid":{"rendered":"https:\/\/figari-aeroport.cci.corsica\/?page_id=1414"},"modified":"2024-09-20T17:49:14","modified_gmt":"2024-09-20T15:49:14","slug":"accessibility","status":"publish","type":"page","link":"https:\/\/figari-aeroport.cci.corsica\/en\/accessibilite\/","title":{"rendered":"Accessibility"},"content":{"rendered":"<div data-elementor-type=\"wp-page\" data-elementor-id=\"1414\" class=\"elementor elementor-1414\" data-elementor-post-type=\"page\">\n\t\t\t\t<div class=\"elementor-element elementor-element-0c560e9 e-flex e-con-boxed e-con e-parent\" data-id=\"0c560e9\" data-element_type=\"container\" data-settings=\"{&quot;background_background&quot;:&quot;classic&quot;}\">\n\t\t\t\t\t<div class=\"e-con-inner\">\n\t\t\t\t<div class=\"elementor-element elementor-element-30588c9 elementor-widget elementor-widget-heading\" data-id=\"30588c9\" data-element_type=\"widget\" data-widget_type=\"heading.default\">\n\t\t\t\t<div class=\"elementor-widget-container\">\n\t\t\t\t\t<h2 class=\"elementor-heading-title elementor-size-default\">Compliance status\n<\/h2>\t\t\t\t<\/div>\n\t\t\t\t<\/div>\n\t\t\t\t<div class=\"elementor-element elementor-element-f85b9b8 elementor-widget elementor-widget-text-editor\" data-id=\"f85b9b8\" data-element_type=\"widget\" data-widget_type=\"text-editor.default\">\n\t\t\t\t<div class=\"elementor-widget-container\">\n\t\t\t\t\t\t\t\t\t<p>The CCI de Corse undertakes to make its website accessible in accordance with article 47 of law no. 2005-102 of 11 February 2005. This declaration of accessibility applies to the https:\/\/figari-aeroport.cci.corsica\/ website. It was drawn up on 27 July 2024, on the basis of the content available at that date.<\/p>\t\t\t\t\t\t\t\t<\/div>\n\t\t\t\t<\/div>\n\t\t\t\t<div class=\"elementor-element elementor-element-50bb193 elementor-widget elementor-widget-heading\" data-id=\"50bb193\" data-element_type=\"widget\" data-widget_type=\"heading.default\">\n\t\t\t\t<div class=\"elementor-widget-container\">\n\t\t\t\t\t<h2 class=\"elementor-heading-title elementor-size-default\">Test results\n<\/h2>\t\t\t\t<\/div>\n\t\t\t\t<\/div>\n\t\t\t\t<div class=\"elementor-element elementor-element-2edd6f0 elementor-widget elementor-widget-text-editor\" data-id=\"2edd6f0\" data-element_type=\"widget\" data-widget_type=\"text-editor.default\">\n\t\t\t\t<div class=\"elementor-widget-container\">\n\t\t\t\t\t\t\t\t\t<p>The compliance audit carried out by Corsicaweb revealed that the site achieved a score of partial compliance with the RGAA :<\/p><ul><li>83% of the RGAA version 4 criteria are met.<\/li><li>The average compliance rate for the site's pages is 92%.<\/li><\/ul>\t\t\t\t\t\t\t\t<\/div>\n\t\t\t\t<\/div>\n\t\t\t\t<div class=\"elementor-element elementor-element-5efe764 elementor-widget elementor-widget-heading\" data-id=\"5efe764\" data-element_type=\"widget\" data-widget_type=\"heading.default\">\n\t\t\t\t<div class=\"elementor-widget-container\">\n\t\t\t\t\t<h3 class=\"elementor-heading-title elementor-size-default\">Content not accessible<\/h3>\t\t\t\t<\/div>\n\t\t\t\t<\/div>\n\t\t\t\t<div class=\"elementor-element elementor-element-97a2bbc elementor-widget elementor-widget-text-editor\" data-id=\"97a2bbc\" data-element_type=\"widget\" data-widget_type=\"text-editor.default\">\n\t\t\t\t<div class=\"elementor-widget-container\">\n\t\t\t\t\t\t\t\t\t<ul><li style=\"font-size: 16px;\">Criterion 1.1: certain images carrying information have no textual alternative<\/li><li><span style=\"background-color: transparent; color: var( --e-global-color-text ); font-family: var( --e-global-typography-text-font-family ), Sans-serif; font-weight: var( --e-global-typography-text-font-weight ); text-align: var(--text-align);\">Criterion 3.3: Some components do not comply with minimum contrast levels.<\/span><\/li><li>Criteria 4.8, 4.12 and 4.13: The interactive map module does not comply with the RGAA and has no alternative.<\/li><li>Criterion 4.11: Lack of navigation arrows on the home page for news items.\u00a0<\/li><li>Criterion 7.1: The Recaptcha tool on the contact form is only partially compliant with the RGAA<\/li><li>Criterion 7.5: The Elementor, Gravity Form and Recaptcha contact form tools are only partially compliant with the RGAA.<\/li><li style=\"font-size: 16px;\">Criterion 8.2: Some element and attribute errors due to the Elementor page constructor.<\/li><li>Criterion 8.9: Some Tags are Used for Presentation Purposes<\/li><li>Criterion 9.1: some securities are poorly structured<\/li><li style=\"font-size: 16px;\"><span style=\"background-color: transparent; color: var( --e-global-color-text ); font-family: var( --e-global-typography-text-font-family ), Sans-serif; text-align: var(--text-align);\">Criterion 10.3: Content is difficult to understand without style sheets.<\/span><\/li><li>Criterion 10.7: focus not visible on certain components<\/li><li>Criterion 10.11: Some elements require horizontal scrolling to be viewed.<\/li><li>Criterion 13.10: The responsive map module does not comply with the RGAA<\/li><\/ul>\t\t\t\t\t\t\t\t<\/div>\n\t\t\t\t<\/div>\n\t\t\t\t<div class=\"elementor-element elementor-element-a6e05ad elementor-widget elementor-widget-heading\" data-id=\"a6e05ad\" data-element_type=\"widget\" data-widget_type=\"heading.default\">\n\t\t\t\t<div class=\"elementor-widget-container\">\n\t\t\t\t\t<h3 class=\"elementor-heading-title elementor-size-default\">Exemptions<\/h3>\t\t\t\t<\/div>\n\t\t\t\t<\/div>\n\t\t\t\t<div class=\"elementor-element elementor-element-e863bdb elementor-widget elementor-widget-text-editor\" data-id=\"e863bdb\" data-element_type=\"widget\" data-widget_type=\"text-editor.default\">\n\t\t\t\t<div class=\"elementor-widget-container\">\n\t\t\t\t\t\t\t\t\t<ul><li>\u00a0Criterion 3.3: Some \u00abbutton\u00bb type components do not respect colour contrasts when hovered over, but the text on its background remains legible, so this point does not hinder comprehension or navigation.\u00a0<\/li><li>Criterion 6.2: <span data-sheets-root=\"1\">The image links in the search results are not labelled, but a button leads to the same result. <\/span><\/li><\/ul>\t\t\t\t\t\t\t\t<\/div>\n\t\t\t\t<\/div>\n\t\t\t\t<div class=\"elementor-element elementor-element-beb245e elementor-widget elementor-widget-heading\" data-id=\"beb245e\" data-element_type=\"widget\" data-widget_type=\"heading.default\">\n\t\t\t\t<div class=\"elementor-widget-container\">\n\t\t\t\t\t<h2 class=\"elementor-heading-title elementor-size-default\">Drawing up this declaration of accessibility\n<\/h2>\t\t\t\t<\/div>\n\t\t\t\t<\/div>\n\t\t\t\t<div class=\"elementor-element elementor-element-c0d89f2 elementor-widget elementor-widget-heading\" data-id=\"c0d89f2\" data-element_type=\"widget\" data-widget_type=\"heading.default\">\n\t\t\t\t<div class=\"elementor-widget-container\">\n\t\t\t\t\t<h3 class=\"elementor-heading-title elementor-size-default\">Technologies used to create the site<\/h3>\t\t\t\t<\/div>\n\t\t\t\t<\/div>\n\t\t\t\t<div class=\"elementor-element elementor-element-a9700da elementor-widget elementor-widget-text-editor\" data-id=\"a9700da\" data-element_type=\"widget\" data-widget_type=\"text-editor.default\">\n\t\t\t\t<div class=\"elementor-widget-container\">\n\t\t\t\t\t\t\t\t\t<ul><li>HTML5<\/li><li>CSS<\/li><li>JavaScript<\/li><li>PDF<\/li><li>WordPress<\/li><li>Elementor<\/li><\/ul>\t\t\t\t\t\t\t\t<\/div>\n\t\t\t\t<\/div>\n\t\t\t\t<div class=\"elementor-element elementor-element-276a1c9 elementor-widget elementor-widget-heading\" data-id=\"276a1c9\" data-element_type=\"widget\" data-widget_type=\"heading.default\">\n\t\t\t\t<div class=\"elementor-widget-container\">\n\t\t\t\t\t<h3 class=\"elementor-heading-title elementor-size-default\">User agents, tools and assistive technologies used to check content accessibility <\/h3>\t\t\t\t<\/div>\n\t\t\t\t<\/div>\n\t\t\t\t<div class=\"elementor-element elementor-element-f7134af elementor-widget elementor-widget-text-editor\" data-id=\"f7134af\" data-element_type=\"widget\" data-widget_type=\"text-editor.default\">\n\t\t\t\t<div class=\"elementor-widget-container\">\n\t\t\t\t\t\t\t\t\t<p>The content playback checks were carried out with the following configurations:<\/p><ul><li>Google Chrome<\/li><li>Safari<\/li><li>Apple VoiceOver<\/li><\/ul><p><br \/>The following code verification tools were used to check compliance with the RGAA tests:<\/p><ul><li>RGAA Assistant extension<\/li><li>Colour Contrast Analyser<\/li><li>Headings Maps<\/li><li>Tools for developers integrated into the Safari browser<\/li><li>Code inspector<\/li><li>W3C HTML Validator<\/li><\/ul>\t\t\t\t\t\t\t\t<\/div>\n\t\t\t\t<\/div>\n\t\t\t\t<div class=\"elementor-element elementor-element-83d46aa elementor-widget elementor-widget-heading\" data-id=\"83d46aa\" data-element_type=\"widget\" data-widget_type=\"heading.default\">\n\t\t\t\t<div class=\"elementor-widget-container\">\n\t\t\t\t\t<h3 class=\"elementor-heading-title elementor-size-default\">Site pages checked for compliance<\/h3>\t\t\t\t<\/div>\n\t\t\t\t<\/div>\n\t\t\t\t<div class=\"elementor-element elementor-element-15d85ac elementor-widget elementor-widget-text-editor\" data-id=\"15d85ac\" data-element_type=\"widget\" data-widget_type=\"text-editor.default\">\n\t\t\t\t<div class=\"elementor-widget-container\">\n\t\t\t\t\t\t\t\t\t<ul><li><a href=\"https:\/\/figari-aeroport.cci.corsica\/en\/\">Home<\/a><\/li><li><a href=\"https:\/\/figari-aeroport.cci.corsica\/en\/contact-laeroport\/\">Contact<\/a><\/li><li><a href=\"https:\/\/figari-aeroport.cci.corsica\/en\/accessibility\/\">Accessibility declaration<\/a><\/li><li><a href=\"https:\/\/figari-aeroport.cci.corsica\/en\/legal-information\/\">Legal information<\/a><\/li><li><a href=\"https:\/\/figari-aeroport.cci.corsica\/en\/?s=vols\">Search results for \u00abflights\u00bb<\/a><\/li><li><a href=\"https:\/\/figari-aeroport.cci.corsica\/en\/news\/\">News<\/a><\/li><li><a href=\"https:\/\/figari-aeroport.cci.corsica\/en\/destinations\/\">Destinations<\/a><\/li><li><a href=\"https:\/\/figari-aeroport.cci.corsica\/en\/opening-hours\/\">Timetable<\/a><\/li><li><a href=\"https:\/\/figari-aeroport.cci.corsica\/en\/travel-inspiration\/\">Travel inspiration<\/a><\/li><li><a href=\"https:\/\/figari-aeroport.cci.corsica\/en\/controle-de-surete\/\">Security checks<\/a><\/li><li><a href=\"https:\/\/figari-aeroport.cci.corsica\/en\/programme-des-vols-air-corsica-2024\/\">Air Corsica 2024 flight schedule (article)<\/a><\/li><li><a href=\"https:\/\/calvi-aeroport.cci.corsica\/espace-pro\/\">Espace pro<\/a><\/li><\/ul>\t\t\t\t\t\t\t\t<\/div>\n\t\t\t\t<\/div>\n\t\t\t\t<div class=\"elementor-element elementor-element-4205fda elementor-widget elementor-widget-heading\" data-id=\"4205fda\" data-element_type=\"widget\" data-widget_type=\"heading.default\">\n\t\t\t\t<div class=\"elementor-widget-container\">\n\t\t\t\t\t<h2 class=\"elementor-heading-title elementor-size-default\">Feedback and contact<\/h2>\t\t\t\t<\/div>\n\t\t\t\t<\/div>\n\t\t\t\t<div class=\"elementor-element elementor-element-4727902 elementor-widget elementor-widget-text-editor\" data-id=\"4727902\" data-element_type=\"widget\" data-widget_type=\"text-editor.default\">\n\t\t\t\t<div class=\"elementor-widget-container\">\n\t\t\t\t\t\t\t\t\t<p>If you are unable to access any content or service, you may contact the website manager to be directed to an accessible alternative or to obtain the content in another form.<\/p><p>To contact us, you can call us on 04 95 54 44 44 or write to us at <a href=\"https:\/\/figari-aeroport.cci.corsica\/en\/contact-laeroport\/\"><span style=\"text-decoration: underline;\">contact page<\/span>.<\/a><\/p>\t\t\t\t\t\t\t\t<\/div>\n\t\t\t\t<\/div>\n\t\t\t\t<div class=\"elementor-element elementor-element-9d4a053 elementor-widget elementor-widget-heading\" data-id=\"9d4a053\" data-element_type=\"widget\" data-widget_type=\"heading.default\">\n\t\t\t\t<div class=\"elementor-widget-container\">\n\t\t\t\t\t<h2 class=\"elementor-heading-title elementor-size-default\">Avenues of appeal\n<\/h2>\t\t\t\t<\/div>\n\t\t\t\t<\/div>\n\t\t\t\t<div class=\"elementor-element elementor-element-de43ce0 elementor-widget elementor-widget-text-editor\" data-id=\"de43ce0\" data-element_type=\"widget\" data-widget_type=\"text-editor.default\">\n\t\t\t\t<div class=\"elementor-widget-container\">\n\t\t\t\t\t\t\t\t\tIf you notice a lack of accessibility that prevents you from accessing a content or functionality of the site, and you report this to us and are unable to obtain a response from us, you are entitled to send your complaints or a request for referral to the Rights Defender.\n\nThere are several ways to do this:\n<ul>\n \t<li>Write a message to <a href=\"https:\/\/formulaire.defenseurdesdroits.fr\/\" target=\"_blank\" rel=\"noopener\">Human rights defender<\/a><\/li>\n \t<li>Contact the <a href=\"https:\/\/www.defenseurdesdroits.fr\/saisir\/delegues\" target=\"_blank\" rel=\"noopener\">Delegate of the Human Rights Defender<\/a> in your region<\/li>\n \t<li>Sending a letter by post (free, do not use stamps) <br>Human rights defender <br>Free response 71120 <br>75342 Paris CEDEX 07<\/li>\n<\/ul>\t\t\t\t\t\t\t\t<\/div>\n\t\t\t\t<\/div>\n\t\t\t\t\t<\/div>\n\t\t\t\t<\/div>\n\t\t\t\t<\/div>","protected":false},"excerpt":{"rendered":"<p>\u00c9tat de conformit\u00e9 La CCI de Corse s\u2019engage \u00e0 rendre son site internet accessible conform\u00e9ment \u00e0 l\u2019article 47 de la loi n\u00b0 2005-102 du 11 f\u00e9vrier 2005. Cette d\u00e9claration d\u2019accessibilit\u00e9 s\u2019applique au site https:\/\/figari-aeroport.cci.corsica\/. Elle a \u00e9t\u00e9 r\u00e9alis\u00e9e le 27 juillet 2024, sur la base des contenus disponibles \u00e0 cette date. R\u00e9sultats des tests L\u2019audit [&hellip;]<\/p>\n","protected":false},"author":1,"featured_media":0,"parent":0,"menu_order":0,"comment_status":"closed","ping_status":"closed","template":"","meta":{"_acf_changed":false,"_seopress_robots_primary_cat":"","_seopress_titles_title":"","_seopress_titles_desc":"","_seopress_robots_index":"","footnotes":""},"type-de-page":[5],"class_list":["post-1414","page","type-page","status-publish","hentry","type-de-page-page-sans-image"],"acf":[],"_links":{"self":[{"href":"https:\/\/figari-aeroport.cci.corsica\/en\/wp-json\/wp\/v2\/pages\/1414","targetHints":{"allow":["GET"]}}],"collection":[{"href":"https:\/\/figari-aeroport.cci.corsica\/en\/wp-json\/wp\/v2\/pages"}],"about":[{"href":"https:\/\/figari-aeroport.cci.corsica\/en\/wp-json\/wp\/v2\/types\/page"}],"author":[{"embeddable":true,"href":"https:\/\/figari-aeroport.cci.corsica\/en\/wp-json\/wp\/v2\/users\/1"}],"replies":[{"embeddable":true,"href":"https:\/\/figari-aeroport.cci.corsica\/en\/wp-json\/wp\/v2\/comments?post=1414"}],"version-history":[{"count":13,"href":"https:\/\/figari-aeroport.cci.corsica\/en\/wp-json\/wp\/v2\/pages\/1414\/revisions"}],"predecessor-version":[{"id":1753,"href":"https:\/\/figari-aeroport.cci.corsica\/en\/wp-json\/wp\/v2\/pages\/1414\/revisions\/1753"}],"wp:attachment":[{"href":"https:\/\/figari-aeroport.cci.corsica\/en\/wp-json\/wp\/v2\/media?parent=1414"}],"wp:term":[{"taxonomy":"type-de-page","embeddable":true,"href":"https:\/\/figari-aeroport.cci.corsica\/en\/wp-json\/wp\/v2\/type-de-page?post=1414"}],"curies":[{"name":"wp","href":"https:\/\/api.w.org\/{rel}","templated":true}]}}