{"id":479,"date":"2024-06-09T22:25:24","date_gmt":"2024-06-09T20:25:24","guid":{"rendered":"https:\/\/figari-aeroport.cci.corsica\/?page_id=479"},"modified":"2024-07-17T17:21:10","modified_gmt":"2024-07-17T15:21:10","slug":"registration","status":"publish","type":"page","link":"https:\/\/figari-aeroport.cci.corsica\/en\/enregistrement\/","title":{"rendered":"Recording"},"content":{"rendered":"<div data-elementor-type=\"wp-page\" data-elementor-id=\"479\" class=\"elementor elementor-479\" data-elementor-post-type=\"page\">\n\t\t\t\t<div class=\"elementor-element elementor-element-792539c e-flex e-con-boxed e-con e-parent\" data-id=\"792539c\" data-element_type=\"container\">\n\t\t\t\t\t<div class=\"e-con-inner\">\n\t\t\t\t<div class=\"elementor-element elementor-element-67f62c3 elementor-widget elementor-widget-text-editor\" data-id=\"67f62c3\" data-element_type=\"widget\" data-widget_type=\"text-editor.default\">\n\t\t\t\t<div class=\"elementor-widget-container\">\n\t\t\t\t\t\t\t\t\t<div class=\"contentSub col-8\"><div class=\"AdpBlock\"><p>Before you take off from our airport, there are a number of things you need to do:<b> check-in for your flight and baggage<\/b>, If you don't, you won't be able to access the boarding area and board the plane. <b><br \/><\/b><\/p><\/div><p>If you have not checked in online or if you have hold baggage to drop off, go to the check-in desk for your flight.\u00a0<\/p><p>Check-in deadlines are specified by your airline, but we recommend that you arrive at the terminal between 1.5 and 2 hours before your flight's departure time.<\/p><\/div>\t\t\t\t\t\t\t\t<\/div>\n\t\t\t\t<\/div>\n\t\t\t\t\t<\/div>\n\t\t\t\t<\/div>\n\t\t<div class=\"elementor-element elementor-element-f4830be e-flex e-con-boxed e-con e-parent\" data-id=\"f4830be\" data-element_type=\"container\">\n\t\t\t\t\t<div class=\"e-con-inner\">\n\t\t\t\t<div class=\"elementor-element elementor-element-ea9da6f e-n-tabs-mobile elementor-widget elementor-widget-n-tabs\" data-id=\"ea9da6f\" data-element_type=\"widget\" data-settings=\"{&quot;tabs_justify_horizontal&quot;:&quot;center&quot;,&quot;horizontal_scroll&quot;:&quot;disable&quot;}\" data-widget_type=\"nested-tabs.default\">\n\t\t\t\t<div class=\"elementor-widget-container\">\n\t\t\t\t\t\t\t<div class=\"e-n-tabs\" data-widget-number=\"246012527\" aria-label=\"Tabs. Open items with Enter or Space, close with Escape and navigate using the Arrow keys.\">\n\t\t\t<div class=\"e-n-tabs-heading\" role=\"tablist\">\n\t\t\t\t\t<button id=\"e-n-tab-title-2460125271\" class=\"e-n-tab-title\" aria-selected=\"true\" data-tab-index=\"1\" role=\"tab\" tabindex=\"0\" aria-controls=\"e-n-tab-content-2460125271\" style=\"--n-tabs-title-order: 1;\">\n\t\t\t\t\t\t<span class=\"e-n-tab-title-text\">\n\t\t\t\tSelf-service terminals\t\t\t<\/span>\n\t\t<\/button>\n\t\t\t\t<button id=\"e-n-tab-title-2460125272\" class=\"e-n-tab-title\" aria-selected=\"false\" data-tab-index=\"2\" role=\"tab\" tabindex=\"-1\" aria-controls=\"e-n-tab-content-2460125272\" style=\"--n-tabs-title-order: 2;\">\n\t\t\t\t\t\t<span class=\"e-n-tab-title-text\">\n\t\t\t\tAt the check-in desk\t\t\t<\/span>\n\t\t<\/button>\n\t\t\t\t\t<\/div>\n\t\t\t<div class=\"e-n-tabs-content\">\n\t\t\t\t<div id=\"e-n-tab-content-2460125271\" role=\"tabpanel\" aria-labelledby=\"e-n-tab-title-2460125271\" data-tab-index=\"1\" style=\"--n-tabs-title-order: 1;\" class=\"e-active elementor-element elementor-element-286d1e6 e-con-full e-flex e-con e-child\" data-id=\"286d1e6\" data-element_type=\"container\">\n\t\t\t\t<div class=\"elementor-element elementor-element-6cd32b5 elementor-widget elementor-widget-text-editor\" data-id=\"6cd32b5\" data-element_type=\"widget\" data-widget_type=\"text-editor.default\">\n\t\t\t\t<div class=\"elementor-widget-container\">\n\t\t\t\t\t\t\t\t\t<div class=\"contentSub col-8\">Save time by registering at a self-service kiosk. It's quick and easy! You can check in from 5 hours before take-off: you print out your electronic boarding pass and, if required, your baggage tag. Then all you have to do is drop off your hold baggage at a dedicated counter.<\/div><div>\u00a0<\/div><p><strong>ADDITIONAL INFORMATION :<\/strong><\/p><div><ul><li>The automatic terminal will print your boarding pass.<\/li><li>If you do not have hold baggage, go directly to the boarding gate.<\/li><li>If you have hold baggage, print out your baggage tag and present it at your flight check-in counter.<\/li><\/ul><p>\u00a0<\/p><p><strong>Please note that this service is reserved for passengers:<\/strong><\/p><ul><li>in possession of an electronic ticket,<\/li><li>not accompanied by a baby,<\/li><li>do not have any special travel requirements (child travelling alone, with a pet or needing assistance with reduced mobility, etc.).<\/li><\/ul><\/div>\t\t\t\t\t\t\t\t<\/div>\n\t\t\t\t<\/div>\n\t\t\t\t<div class=\"elementor-element elementor-element-a2c321c elementor-alert-info elementor-widget elementor-widget-alert\" data-id=\"a2c321c\" data-element_type=\"widget\" data-widget_type=\"alert.default\">\n\t\t\t\t<div class=\"elementor-widget-container\">\n\t\t\t\t\t\t\t<div class=\"elementor-alert\" role=\"alert\">\n\n\t\t\t\t\t\t<span class=\"elementor-alert-title\">What you need to know: <\/span>\n\t\t\t\n\t\t\t\t\t\t<span class=\"elementor-alert-description\">Only Air France provides self-service kiosks in our terminal.<\/span>\n\t\t\t\n\t\t\t\n\t\t<\/div>\n\t\t\t\t\t\t<\/div>\n\t\t\t\t<\/div>\n\t\t\t\t<\/div>\n\t\t<div id=\"e-n-tab-content-2460125272\" role=\"tabpanel\" aria-labelledby=\"e-n-tab-title-2460125272\" data-tab-index=\"2\" style=\"--n-tabs-title-order: 2;\" class=\"elementor-element elementor-element-0a6ba18 e-con-full e-flex e-con e-child\" data-id=\"0a6ba18\" data-element_type=\"container\">\n\t\t\t\t<div class=\"elementor-element elementor-element-a6af5e1 elementor-widget elementor-widget-text-editor\" data-id=\"a6af5e1\" data-element_type=\"widget\" data-widget_type=\"text-editor.default\">\n\t\t\t\t<div class=\"elementor-widget-container\">\n\t\t\t\t\t\t\t\t\t<div><p>You can check in at the airport on the day of your flight up until the check-in deadline.<\/p><p><strong>This may vary from one airline to another. We advise you to check the information on your flight ticket.\u00a0<\/strong><\/p><ul><li>By going directly to the counter, you can leave your baggage at the same time as you check in.<\/li><li>If you have already checked in online and have hold baggage to drop off, you will have to go through the check-in desk on your flight.<\/li><\/ul><\/div><div><p>\u00a0<\/p><p>It is advisable to arrive at check-in\u00a0<strong>between 1h00 <\/strong><strong>and 2h <\/strong><strong>before your flight departs.<\/strong><\/p><\/div><div class=\"contentSub col-8\">\u00a0<\/div>\t\t\t\t\t\t\t\t<\/div>\n\t\t\t\t<\/div>\n\t\t\t\t<\/div>\n\t\t\t\t\t<\/div>\n\t\t<\/div>\n\t\t\t\t\t\t<\/div>\n\t\t\t\t<\/div>\n\t\t\t\t\t<\/div>\n\t\t\t\t<\/div>\n\t\t\t\t<\/div>","protected":false},"excerpt":{"rendered":"<p>Parmi les \u00e9tapes indispensables avant de vous envoler au d\u00e9part de notre a\u00e9roport : l\u2019enregistrement de votre vol et de vos bagages, sans quoi vous ne pourrez acc\u00e9der \u00e0 la zone d&#8217;embarquement et monter dans l&rsquo;avion. Si vous ne vous \u00eates pas enregistr\u00e9 en ligne ou si vous avez des bagages de soute \u00e0 d\u00e9poser, [&hellip;]<\/p>\n","protected":false},"author":4,"featured_media":1343,"parent":0,"menu_order":0,"comment_status":"closed","ping_status":"closed","template":"","meta":{"_acf_changed":false,"_seopress_robots_primary_cat":"","_seopress_titles_title":"","_seopress_titles_desc":"","_seopress_robots_index":"","footnotes":""},"type-de-page":[4],"class_list":["post-479","page","type-page","status-publish","has-post-thumbnail","hentry","type-de-page-page-avec-image"],"acf":[],"_links":{"self":[{"href":"https:\/\/figari-aeroport.cci.corsica\/en\/wp-json\/wp\/v2\/pages\/479","targetHints":{"allow":["GET"]}}],"collection":[{"href":"https:\/\/figari-aeroport.cci.corsica\/en\/wp-json\/wp\/v2\/pages"}],"about":[{"href":"https:\/\/figari-aeroport.cci.corsica\/en\/wp-json\/wp\/v2\/types\/page"}],"author":[{"embeddable":true,"href":"https:\/\/figari-aeroport.cci.corsica\/en\/wp-json\/wp\/v2\/users\/4"}],"replies":[{"embeddable":true,"href":"https:\/\/figari-aeroport.cci.corsica\/en\/wp-json\/wp\/v2\/comments?post=479"}],"version-history":[{"count":7,"href":"https:\/\/figari-aeroport.cci.corsica\/en\/wp-json\/wp\/v2\/pages\/479\/revisions"}],"predecessor-version":[{"id":827,"href":"https:\/\/figari-aeroport.cci.corsica\/en\/wp-json\/wp\/v2\/pages\/479\/revisions\/827"}],"wp:featuredmedia":[{"embeddable":true,"href":"https:\/\/figari-aeroport.cci.corsica\/en\/wp-json\/wp\/v2\/media\/1343"}],"wp:attachment":[{"href":"https:\/\/figari-aeroport.cci.corsica\/en\/wp-json\/wp\/v2\/media?parent=479"}],"wp:term":[{"taxonomy":"type-de-page","embeddable":true,"href":"https:\/\/figari-aeroport.cci.corsica\/en\/wp-json\/wp\/v2\/type-de-page?post=479"}],"curies":[{"name":"wp","href":"https:\/\/api.w.org\/{rel}","templated":true}]}}