{"id":504,"date":"2024-06-09T22:45:55","date_gmt":"2024-06-09T20:45:55","guid":{"rendered":"https:\/\/figari-aeroport.cci.corsica\/?page_id=504"},"modified":"2024-10-14T09:50:38","modified_gmt":"2024-10-14T07:50:38","slug":"shopping-services","status":"publish","type":"page","link":"https:\/\/figari-aeroport.cci.corsica\/en\/services-shopping\/","title":{"rendered":"Services and shopping"},"content":{"rendered":"<div data-elementor-type=\"wp-page\" data-elementor-id=\"504\" class=\"elementor elementor-504\" data-elementor-post-type=\"page\">\n\t\t\t\t<div class=\"elementor-element elementor-element-dc6a81a e-flex e-con-boxed e-con e-parent\" data-id=\"dc6a81a\" data-element_type=\"container\">\n\t\t\t\t\t<div class=\"e-con-inner\">\n\t\t\t\t<div class=\"elementor-element elementor-element-15c93cc elementor-widget elementor-widget-heading\" data-id=\"15c93cc\" data-element_type=\"widget\" data-widget_type=\"heading.default\">\n\t\t\t\t<div class=\"elementor-widget-container\">\n\t\t\t\t\t<h2 class=\"elementor-heading-title elementor-size-default\">Airport services<\/h2>\t\t\t\t<\/div>\n\t\t\t\t<\/div>\n\t\t\t\t<div class=\"elementor-element elementor-element-72fd0d7 elementor-widget elementor-widget-text-editor\" data-id=\"72fd0d7\" data-element_type=\"widget\" data-widget_type=\"text-editor.default\">\n\t\t\t\t<div class=\"elementor-widget-container\">\n\t\t\t\t\t\t\t\t\t<p>A number of practical services are available at Figari-Sud Corse airport.<\/p>\t\t\t\t\t\t\t\t<\/div>\n\t\t\t\t<\/div>\n\t\t\t\t<div class=\"elementor-element elementor-element-2738088 elementor-icon-list--layout-traditional elementor-list-item-link-full_width elementor-widget elementor-widget-icon-list\" data-id=\"2738088\" data-element_type=\"widget\" data-widget_type=\"icon-list.default\">\n\t\t\t\t<div class=\"elementor-widget-container\">\n\t\t\t\t\t\t\t<ul class=\"elementor-icon-list-items\">\n\t\t\t\t\t\t\t<li class=\"elementor-icon-list-item\">\n\t\t\t\t\t\t\t\t\t\t\t<span class=\"elementor-icon-list-icon\">\n\t\t\t\t\t\t\t<svg aria-hidden=\"true\" class=\"e-font-icon-svg e-fas-wifi\" viewbox=\"0 0 640 512\" xmlns=\"http:\/\/www.w3.org\/2000\/svg\"><path d=\"M634.91 154.88C457.74-8.99 182.19-8.93 5.09 154.88c-6.66 6.16-6.79 16.59-.35 22.98l34.24 33.97c6.14 6.1 16.02 6.23 22.4.38 145.92-133.68 371.3-133.71 517.25 0 6.38 5.85 16.26 5.71 22.4-.38l34.24-33.97c6.43-6.39 6.3-16.82-.36-22.98zM320 352c-35.35 0-64 28.65-64 64s28.65 64 64 64 64-28.65 64-64-28.65-64-64-64zm202.67-83.59c-115.26-101.93-290.21-101.82-405.34 0-6.9 6.1-7.12 16.69-.57 23.15l34.44 33.99c6 5.92 15.66 6.32 22.05.8 83.95-72.57 209.74-72.41 293.49 0 6.39 5.52 16.05 5.13 22.05-.8l34.44-33.99c6.56-6.46 6.33-17.06-.56-23.15z\"><\/path><\/svg>\t\t\t\t\t\t<\/span>\n\t\t\t\t\t\t\t\t\t\t<span class=\"elementor-icon-list-text\">Free WIFI access<\/span>\n\t\t\t\t\t\t\t\t\t<\/li>\n\t\t\t\t\t\t\t\t<li class=\"elementor-icon-list-item\">\n\t\t\t\t\t\t\t\t\t\t\t<span class=\"elementor-icon-list-icon\">\n\t\t\t\t\t\t\t<svg aria-hidden=\"true\" class=\"e-font-icon-svg e-fas-baby\" viewbox=\"0 0 384 512\" xmlns=\"http:\/\/www.w3.org\/2000\/svg\"><path d=\"M192 160c44.2 0 80-35.8 80-80S236.2 0 192 0s-80 35.8-80 80 35.8 80 80 80zm-53.4 248.8l25.6-32-61.5-51.2L56.8 383c-11.4 14.2-11.7 34.4-.8 49l48 64c7.9 10.5 19.9 16 32 16 8.3 0 16.8-2.6 24-8 17.7-13.2 21.2-38.3 8-56l-29.4-39.2zm142.7-83.2l-61.5 51.2 25.6 32L216 448c-13.2 17.7-9.7 42.8 8 56 7.2 5.4 15.6 8 24 8 12.2 0 24.2-5.5 32-16l48-64c10.9-14.6 10.6-34.8-.8-49l-45.9-57.4zM376.7 145c-12.7-18.1-37.6-22.4-55.7-9.8l-40.6 28.5c-52.7 37-124.2 37-176.8 0L63 135.3C44.9 122.6 20 127 7.3 145-5.4 163.1-1 188 17 200.7l40.6 28.5c17 11.9 35.4 20.9 54.4 27.9V288h160v-30.8c19-7 37.4-16 54.4-27.9l40.6-28.5c18.1-12.8 22.4-37.7 9.7-55.8z\"><\/path><\/svg>\t\t\t\t\t\t<\/span>\n\t\t\t\t\t\t\t\t\t\t<span class=\"elementor-icon-list-text\">Nursery area (available in the toilets)<\/span>\n\t\t\t\t\t\t\t\t\t<\/li>\n\t\t\t\t\t\t\t\t<li class=\"elementor-icon-list-item\">\n\t\t\t\t\t\t\t\t\t\t\t<span class=\"elementor-icon-list-icon\">\n\t\t\t\t\t\t\t<svg aria-hidden=\"true\" class=\"e-font-icon-svg e-far-envelope\" viewbox=\"0 0 512 512\" xmlns=\"http:\/\/www.w3.org\/2000\/svg\"><path d=\"M464 64H48C21.49 64 0 85.49 0 112v288c0 26.51 21.49 48 48 48h416c26.51 0 48-21.49 48-48V112c0-26.51-21.49-48-48-48zm0 48v40.805c-22.422 18.259-58.168 46.651-134.587 106.49-16.841 13.247-50.201 45.072-73.413 44.701-23.208.375-56.579-31.459-73.413-44.701C106.18 199.465 70.425 171.067 48 152.805V112h416zM48 400V214.398c22.914 18.251 55.409 43.862 104.938 82.646 21.857 17.205 60.134 55.186 103.062 54.955 42.717.231 80.509-37.199 103.053-54.947 49.528-38.783 82.032-64.401 104.947-82.653V400H48z\"><\/path><\/svg>\t\t\t\t\t\t<\/span>\n\t\t\t\t\t\t\t\t\t\t<span class=\"elementor-icon-list-text\">Letterbox<\/span>\n\t\t\t\t\t\t\t\t\t<\/li>\n\t\t\t\t\t\t\t\t<li class=\"elementor-icon-list-item\">\n\t\t\t\t\t\t\t\t\t\t\t<span class=\"elementor-icon-list-icon\">\n\t\t\t\t\t\t\t<svg aria-hidden=\"true\" class=\"e-font-icon-svg e-fas-money-check\" viewbox=\"0 0 640 512\" xmlns=\"http:\/\/www.w3.org\/2000\/svg\"><path d=\"M0 448c0 17.67 14.33 32 32 32h576c17.67 0 32-14.33 32-32V128H0v320zm448-208c0-8.84 7.16-16 16-16h96c8.84 0 16 7.16 16 16v32c0 8.84-7.16 16-16 16h-96c-8.84 0-16-7.16-16-16v-32zm0 120c0-4.42 3.58-8 8-8h112c4.42 0 8 3.58 8 8v16c0 4.42-3.58 8-8 8H456c-4.42 0-8-3.58-8-8v-16zM64 264c0-4.42 3.58-8 8-8h304c4.42 0 8 3.58 8 8v16c0 4.42-3.58 8-8 8H72c-4.42 0-8-3.58-8-8v-16zm0 96c0-4.42 3.58-8 8-8h176c4.42 0 8 3.58 8 8v16c0 4.42-3.58 8-8 8H72c-4.42 0-8-3.58-8-8v-16zM624 32H16C7.16 32 0 39.16 0 48v48h640V48c0-8.84-7.16-16-16-16z\"><\/path><\/svg>\t\t\t\t\t\t<\/span>\n\t\t\t\t\t\t\t\t\t\t<span class=\"elementor-icon-list-text\">Automatic cash dispenser<\/span>\n\t\t\t\t\t\t\t\t\t<\/li>\n\t\t\t\t\t\t\t\t<li class=\"elementor-icon-list-item\">\n\t\t\t\t\t\t\t\t\t\t\t<span class=\"elementor-icon-list-icon\">\n\t\t\t\t\t\t\t<svg aria-hidden=\"true\" class=\"e-font-icon-svg e-fas-coffee\" viewbox=\"0 0 640 512\" xmlns=\"http:\/\/www.w3.org\/2000\/svg\"><path d=\"M192 384h192c53 0 96-43 96-96h32c70.6 0 128-57.4 128-128S582.6 32 512 32H120c-13.3 0-24 10.7-24 24v232c0 53 43 96 96 96zM512 96c35.3 0 64 28.7 64 64s-28.7 64-64 64h-32V96h32zm47.7 384H48.3c-47.6 0-61-64-36-64h583.3c25 0 11.8 64-35.9 64z\"><\/path><\/svg>\t\t\t\t\t\t<\/span>\n\t\t\t\t\t\t\t\t\t\t<span class=\"elementor-icon-list-text\">Hot and cold drinks dispenser <\/span>\n\t\t\t\t\t\t\t\t\t<\/li>\n\t\t\t\t\t\t\t\t<li class=\"elementor-icon-list-item\">\n\t\t\t\t\t\t\t\t\t\t\t<span class=\"elementor-icon-list-icon\">\n\t\t\t\t\t\t\t<svg aria-hidden=\"true\" class=\"e-font-icon-svg e-fas-wheelchair\" viewbox=\"0 0 512 512\" xmlns=\"http:\/\/www.w3.org\/2000\/svg\"><path d=\"M496.101 385.669l14.227 28.663c3.929 7.915.697 17.516-7.218 21.445l-65.465 32.886c-16.049 7.967-35.556 1.194-43.189-15.055L331.679 320H192c-15.925 0-29.426-11.71-31.679-27.475C126.433 55.308 128.38 70.044 128 64c0-36.358 30.318-65.635 67.052-63.929 33.271 1.545 60.048 28.905 60.925 62.201.868 32.933-23.152 60.423-54.608 65.039l4.67 32.69H336c8.837 0 16 7.163 16 16v32c0 8.837-7.163 16-16 16H215.182l4.572 32H352a32 32 0 0 1 28.962 18.392L438.477 396.8l36.178-18.349c7.915-3.929 17.517-.697 21.446 7.218zM311.358 352h-24.506c-7.788 54.204-54.528 96-110.852 96-61.757 0-112-50.243-112-112 0-41.505 22.694-77.809 56.324-97.156-3.712-25.965-6.844-47.86-9.488-66.333C45.956 198.464 0 261.963 0 336c0 97.047 78.953 176 176 176 71.87 0 133.806-43.308 161.11-105.192L311.358 352z\"><\/path><\/svg>\t\t\t\t\t\t<\/span>\n\t\t\t\t\t\t\t\t\t\t<span class=\"elementor-icon-list-text\">PHMR Assistance<\/span>\n\t\t\t\t\t\t\t\t\t<\/li>\n\t\t\t\t\t\t\t\t<li class=\"elementor-icon-list-item\">\n\t\t\t\t\t\t\t\t\t\t\t<span class=\"elementor-icon-list-icon\">\n\t\t\t\t\t\t\t<svg aria-hidden=\"true\" class=\"e-font-icon-svg e-fas-info\" viewbox=\"0 0 192 512\" xmlns=\"http:\/\/www.w3.org\/2000\/svg\"><path d=\"M20 424.229h20V279.771H20c-11.046 0-20-8.954-20-20V212c0-11.046 8.954-20 20-20h112c11.046 0 20 8.954 20 20v212.229h20c11.046 0 20 8.954 20 20V492c0 11.046-8.954 20-20 20H20c-11.046 0-20-8.954-20-20v-47.771c0-11.046 8.954-20 20-20zM96 0C56.235 0 24 32.235 24 72s32.235 72 72 72 72-32.235 72-72S135.764 0 96 0z\"><\/path><\/svg>\t\t\t\t\t\t<\/span>\n\t\t\t\t\t\t\t\t\t\t<span class=\"elementor-icon-list-text\">Interactive tourist information terminal<\/span>\n\t\t\t\t\t\t\t\t\t<\/li>\n\t\t\t\t\t\t\t\t<li class=\"elementor-icon-list-item\">\n\t\t\t\t\t\t\t\t\t\t\t<span class=\"elementor-icon-list-icon\">\n\t\t\t\t\t\t\t<svg aria-hidden=\"true\" class=\"e-font-icon-svg e-fas-users\" viewbox=\"0 0 640 512\" xmlns=\"http:\/\/www.w3.org\/2000\/svg\"><path d=\"M96 224c35.3 0 64-28.7 64-64s-28.7-64-64-64-64 28.7-64 64 28.7 64 64 64zm448 0c35.3 0 64-28.7 64-64s-28.7-64-64-64-64 28.7-64 64 28.7 64 64 64zm32 32h-64c-17.6 0-33.5 7.1-45.1 18.6 40.3 22.1 68.9 62 75.1 109.4h66c17.7 0 32-14.3 32-32v-32c0-35.3-28.7-64-64-64zm-256 0c61.9 0 112-50.1 112-112S381.9 32 320 32 208 82.1 208 144s50.1 112 112 112zm76.8 32h-8.3c-20.8 10-43.9 16-68.5 16s-47.6-6-68.5-16h-8.3C179.6 288 128 339.6 128 403.2V432c0 26.5 21.5 48 48 48h288c26.5 0 48-21.5 48-48v-28.8c0-63.6-51.6-115.2-115.2-115.2zm-223.7-13.4C161.5 263.1 145.6 256 128 256H64c-35.3 0-64 28.7-64 64v32c0 17.7 14.3 32 32 32h65.9c6.3-47.4 34.9-87.3 75.2-109.4z\"><\/path><\/svg>\t\t\t\t\t\t<\/span>\n\t\t\t\t\t\t\t\t\t\t<span class=\"elementor-icon-list-text\">Business Center<\/span>\n\t\t\t\t\t\t\t\t\t<\/li>\n\t\t\t\t\t\t\t\t<li class=\"elementor-icon-list-item\">\n\t\t\t\t\t\t\t\t\t\t\t<span class=\"elementor-icon-list-icon\">\n\t\t\t\t\t\t\t<svg aria-hidden=\"true\" class=\"e-font-icon-svg e-fas-parking\" viewbox=\"0 0 448 512\" xmlns=\"http:\/\/www.w3.org\/2000\/svg\"><path d=\"M400 32H48C21.5 32 0 53.5 0 80v352c0 26.5 21.5 48 48 48h352c26.5 0 48-21.5 48-48V80c0-26.5-21.5-48-48-48zM240 320h-48v48c0 8.8-7.2 16-16 16h-32c-8.8 0-16-7.2-16-16V144c0-8.8 7.2-16 16-16h96c52.9 0 96 43.1 96 96s-43.1 96-96 96zm0-128h-48v64h48c17.6 0 32-14.4 32-32s-14.4-32-32-32z\"><\/path><\/svg>\t\t\t\t\t\t<\/span>\n\t\t\t\t\t\t\t\t\t\t<span class=\"elementor-icon-list-text\">Automatic payment machines<\/span>\n\t\t\t\t\t\t\t\t\t<\/li>\n\t\t\t\t\t\t\t\t<li class=\"elementor-icon-list-item\">\n\t\t\t\t\t\t\t\t\t\t\t<span class=\"elementor-icon-list-icon\">\n\t\t\t\t\t\t\t<svg aria-hidden=\"true\" class=\"e-font-icon-svg e-fas-wheelchair\" viewbox=\"0 0 512 512\" xmlns=\"http:\/\/www.w3.org\/2000\/svg\"><path d=\"M496.101 385.669l14.227 28.663c3.929 7.915.697 17.516-7.218 21.445l-65.465 32.886c-16.049 7.967-35.556 1.194-43.189-15.055L331.679 320H192c-15.925 0-29.426-11.71-31.679-27.475C126.433 55.308 128.38 70.044 128 64c0-36.358 30.318-65.635 67.052-63.929 33.271 1.545 60.048 28.905 60.925 62.201.868 32.933-23.152 60.423-54.608 65.039l4.67 32.69H336c8.837 0 16 7.163 16 16v32c0 8.837-7.163 16-16 16H215.182l4.572 32H352a32 32 0 0 1 28.962 18.392L438.477 396.8l36.178-18.349c7.915-3.929 17.517-.697 21.446 7.218zM311.358 352h-24.506c-7.788 54.204-54.528 96-110.852 96-61.757 0-112-50.243-112-112 0-41.505 22.694-77.809 56.324-97.156-3.712-25.965-6.844-47.86-9.488-66.333C45.956 198.464 0 261.963 0 336c0 97.047 78.953 176 176 176 71.87 0 133.806-43.308 161.11-105.192L311.358 352z\"><\/path><\/svg>\t\t\t\t\t\t<\/span>\n\t\t\t\t\t\t\t\t\t\t<span class=\"elementor-icon-list-text\">Disabled toilets<\/span>\n\t\t\t\t\t\t\t\t\t<\/li>\n\t\t\t\t\t\t<\/ul>\n\t\t\t\t\t\t<\/div>\n\t\t\t\t<\/div>\n\t\t\t\t\t<\/div>\n\t\t\t\t<\/div>\n\t\t<div class=\"elementor-element elementor-element-6e50449 e-flex e-con-boxed e-con e-parent\" data-id=\"6e50449\" data-element_type=\"container\">\n\t\t\t\t\t<div class=\"e-con-inner\">\n\t\t\t\t<div class=\"elementor-element elementor-element-6d00664 elementor-widget elementor-widget-spacer\" data-id=\"6d00664\" data-element_type=\"widget\" data-widget_type=\"spacer.default\">\n\t\t\t\t<div class=\"elementor-widget-container\">\n\t\t\t\t\t\t\t<div class=\"elementor-spacer\">\n\t\t\t<div class=\"elementor-spacer-inner\"><\/div>\n\t\t<\/div>\n\t\t\t\t\t\t<\/div>\n\t\t\t\t<\/div>\n\t\t\t\t<div class=\"elementor-element elementor-element-c9cff42 elementor-widget elementor-widget-heading\" data-id=\"c9cff42\" data-element_type=\"widget\" data-widget_type=\"heading.default\">\n\t\t\t\t<div class=\"elementor-widget-container\">\n\t\t\t\t\t<h2 class=\"elementor-heading-title elementor-size-default\">Shopping and restaurants<\/h2>\t\t\t\t<\/div>\n\t\t\t\t<\/div>\n\t\t\t\t<div class=\"elementor-element elementor-element-c0ba4ec elementor-widget elementor-widget-text-editor\" data-id=\"c0ba4ec\" data-element_type=\"widget\" data-widget_type=\"text-editor.default\">\n\t\t\t\t<div class=\"elementor-widget-container\">\n\t\t\t\t\t\t\t\t\t<p>Last minute shopping? Looking for a coffee break or a quick bite to eat? Check out our bar and snack shops.<\/p>\t\t\t\t\t\t\t\t<\/div>\n\t\t\t\t<\/div>\n\t\t\t\t\t<\/div>\n\t\t\t\t<\/div>\n\t\t<div class=\"elementor-element elementor-element-1d7a0ec e-grid e-con-boxed e-con e-parent\" data-id=\"1d7a0ec\" data-element_type=\"container\">\n\t\t\t\t\t<div class=\"e-con-inner\">\n\t\t\t\t<div class=\"elementor-element elementor-element-30bb8fc elementor-position-top elementor-widget elementor-widget-image-box\" data-id=\"30bb8fc\" data-element_type=\"widget\" data-widget_type=\"image-box.default\">\n\t\t\t\t<div class=\"elementor-widget-container\">\n\t\t\t\t\t<div class=\"elementor-image-box-wrapper\"><figure class=\"elementor-image-box-img\"><img fetchpriority=\"high\" decoding=\"async\" width=\"2016\" height=\"1134\" src=\"https:\/\/figari-aeroport.cci.corsica\/wp-content\/uploads\/sites\/5\/2024\/09\/cafe-des-voyageurs-figari.png\" class=\"attachment-full size-full wp-image-1607\" alt=\"front of the caf\u00e9 de l&#039;a\u00e9rogare\" srcset=\"https:\/\/figari-aeroport.cci.corsica\/wp-content\/uploads\/sites\/5\/2024\/09\/cafe-des-voyageurs-figari.png 2016w, https:\/\/figari-aeroport.cci.corsica\/wp-content\/uploads\/sites\/5\/2024\/09\/cafe-des-voyageurs-figari-300x169.png 300w, https:\/\/figari-aeroport.cci.corsica\/wp-content\/uploads\/sites\/5\/2024\/09\/cafe-des-voyageurs-figari-1024x576.png 1024w, https:\/\/figari-aeroport.cci.corsica\/wp-content\/uploads\/sites\/5\/2024\/09\/cafe-des-voyageurs-figari-768x432.png 768w, https:\/\/figari-aeroport.cci.corsica\/wp-content\/uploads\/sites\/5\/2024\/09\/cafe-des-voyageurs-figari-1536x864.png 1536w, https:\/\/figari-aeroport.cci.corsica\/wp-content\/uploads\/sites\/5\/2024\/09\/cafe-des-voyageurs-figari-18x10.png 18w\" sizes=\"(max-width: 2016px) 100vw, 2016px\" \/><\/figure><div class=\"elementor-image-box-content\"><h3 class=\"elementor-image-box-title\">Snack bar<\/h3><p class=\"elementor-image-box-description\">06 43 81 77 38<\/p><\/div><\/div>\t\t\t\t<\/div>\n\t\t\t\t<\/div>\n\t\t\t\t<div class=\"elementor-element elementor-element-575ba4f elementor-position-top elementor-widget elementor-widget-image-box\" data-id=\"575ba4f\" data-element_type=\"widget\" data-widget_type=\"image-box.default\">\n\t\t\t\t<div class=\"elementor-widget-container\">\n\t\t\t\t\t<div class=\"elementor-image-box-wrapper\"><figure class=\"elementor-image-box-img\"><img decoding=\"async\" width=\"601\" height=\"332\" src=\"https:\/\/figari-aeroport.cci.corsica\/wp-content\/uploads\/sites\/5\/2024\/09\/produits-regionnaux-souvenirs-figari.png\" class=\"attachment-full size-full wp-image-1614\" alt=\"Storefront Regional products Terminal souvenirs\" srcset=\"https:\/\/figari-aeroport.cci.corsica\/wp-content\/uploads\/sites\/5\/2024\/09\/produits-regionnaux-souvenirs-figari.png 601w, https:\/\/figari-aeroport.cci.corsica\/wp-content\/uploads\/sites\/5\/2024\/09\/produits-regionnaux-souvenirs-figari-300x166.png 300w, https:\/\/figari-aeroport.cci.corsica\/wp-content\/uploads\/sites\/5\/2024\/09\/produits-regionnaux-souvenirs-figari-18x10.png 18w\" sizes=\"(max-width: 601px) 100vw, 601px\" \/><\/figure><div class=\"elementor-image-box-content\"><h3 class=\"elementor-image-box-title\">Regional products<\/h3><p class=\"elementor-image-box-description\">04 95 71 10 28<\/p><\/div><\/div>\t\t\t\t<\/div>\n\t\t\t\t<\/div>\n\t\t\t\t<div class=\"elementor-element elementor-element-9c3891f elementor-position-top elementor-widget elementor-widget-image-box\" data-id=\"9c3891f\" data-element_type=\"widget\" data-widget_type=\"image-box.default\">\n\t\t\t\t<div class=\"elementor-widget-container\">\n\t\t\t\t\t<div class=\"elementor-image-box-wrapper\"><figure class=\"elementor-image-box-img\"><img decoding=\"async\" width=\"586\" height=\"313\" src=\"https:\/\/figari-aeroport.cci.corsica\/wp-content\/uploads\/sites\/5\/2024\/09\/librairie-presse-figari.png\" class=\"attachment-full size-full wp-image-1613\" alt=\"Front of the espace de l&#039;a\u00e9rogare bookshop\" srcset=\"https:\/\/figari-aeroport.cci.corsica\/wp-content\/uploads\/sites\/5\/2024\/09\/librairie-presse-figari.png 586w, https:\/\/figari-aeroport.cci.corsica\/wp-content\/uploads\/sites\/5\/2024\/09\/librairie-presse-figari-300x160.png 300w, https:\/\/figari-aeroport.cci.corsica\/wp-content\/uploads\/sites\/5\/2024\/09\/librairie-presse-figari-18x10.png 18w\" sizes=\"(max-width: 586px) 100vw, 586px\" \/><\/figure><div class=\"elementor-image-box-content\"><h3 class=\"elementor-image-box-title\">Press<\/h3><p class=\"elementor-image-box-description\">04 95 71 10 28<\/p><\/div><\/div>\t\t\t\t<\/div>\n\t\t\t\t<\/div>\n\t\t\t\t<div class=\"elementor-element elementor-element-0638dd9 elementor-position-top elementor-widget elementor-widget-image-box\" data-id=\"0638dd9\" data-element_type=\"widget\" data-widget_type=\"image-box.default\">\n\t\t\t\t<div class=\"elementor-widget-container\">\n\t\t\t\t\t<div class=\"elementor-image-box-wrapper\"><figure class=\"elementor-image-box-img\"><img loading=\"lazy\" decoding=\"async\" width=\"600\" height=\"300\" src=\"https:\/\/figari-aeroport.cci.corsica\/wp-content\/uploads\/sites\/5\/2024\/09\/tabac-figari.png\" class=\"attachment-full size-full wp-image-1615\" alt=\"Front of the tobacco shop in the terminal\" srcset=\"https:\/\/figari-aeroport.cci.corsica\/wp-content\/uploads\/sites\/5\/2024\/09\/tabac-figari.png 600w, https:\/\/figari-aeroport.cci.corsica\/wp-content\/uploads\/sites\/5\/2024\/09\/tabac-figari-300x150.png 300w, https:\/\/figari-aeroport.cci.corsica\/wp-content\/uploads\/sites\/5\/2024\/09\/tabac-figari-18x9.png 18w\" sizes=\"(max-width: 600px) 100vw, 600px\" \/><\/figure><div class=\"elementor-image-box-content\"><h3 class=\"elementor-image-box-title\">Tobacco Souvenirs<\/h3><p class=\"elementor-image-box-description\">04 95 71 10 27<\/p><\/div><\/div>\t\t\t\t<\/div>\n\t\t\t\t<\/div>\n\t\t\t\t\t<\/div>\n\t\t\t\t<\/div>\n\t\t\t\t<\/div>","protected":false},"excerpt":{"rendered":"<p>Services de l&rsquo;a\u00e9roport Plusieurs services pratiques sont \u00e0 votre disposition au sein de l&rsquo;a\u00e9roport Figari-Sud Corse. Acc\u00e8s WIFI gratuit Espace Nurserie (\u00e0 disposition dans les toilettes) Bo\u00eete aux lettres Distributeur automatique de billets Distributeur de boissons fra\u00eeches et chaudes Assistance PHMR Borne interactive d\u2019informations touristiques Business Center Caisses automatiques de paiement Toilettes handicap\u00e9s Shopping et [&hellip;]<\/p>\n","protected":false},"author":4,"featured_media":778,"parent":0,"menu_order":0,"comment_status":"closed","ping_status":"closed","template":"","meta":{"_acf_changed":false,"_seopress_robots_primary_cat":"","_seopress_titles_title":"","_seopress_titles_desc":"","_seopress_robots_index":"","footnotes":""},"type-de-page":[4],"class_list":["post-504","page","type-page","status-publish","has-post-thumbnail","hentry","type-de-page-page-avec-image"],"acf":[],"_links":{"self":[{"href":"https:\/\/figari-aeroport.cci.corsica\/en\/wp-json\/wp\/v2\/pages\/504","targetHints":{"allow":["GET"]}}],"collection":[{"href":"https:\/\/figari-aeroport.cci.corsica\/en\/wp-json\/wp\/v2\/pages"}],"about":[{"href":"https:\/\/figari-aeroport.cci.corsica\/en\/wp-json\/wp\/v2\/types\/page"}],"author":[{"embeddable":true,"href":"https:\/\/figari-aeroport.cci.corsica\/en\/wp-json\/wp\/v2\/users\/4"}],"replies":[{"embeddable":true,"href":"https:\/\/figari-aeroport.cci.corsica\/en\/wp-json\/wp\/v2\/comments?post=504"}],"version-history":[{"count":35,"href":"https:\/\/figari-aeroport.cci.corsica\/en\/wp-json\/wp\/v2\/pages\/504\/revisions"}],"predecessor-version":[{"id":1778,"href":"https:\/\/figari-aeroport.cci.corsica\/en\/wp-json\/wp\/v2\/pages\/504\/revisions\/1778"}],"wp:featuredmedia":[{"embeddable":true,"href":"https:\/\/figari-aeroport.cci.corsica\/en\/wp-json\/wp\/v2\/media\/778"}],"wp:attachment":[{"href":"https:\/\/figari-aeroport.cci.corsica\/en\/wp-json\/wp\/v2\/media?parent=504"}],"wp:term":[{"taxonomy":"type-de-page","embeddable":true,"href":"https:\/\/figari-aeroport.cci.corsica\/en\/wp-json\/wp\/v2\/type-de-page?post=504"}],"curies":[{"name":"wp","href":"https:\/\/api.w.org\/{rel}","templated":true}]}}