{"id":507,"date":"2024-06-09T22:43:18","date_gmt":"2024-06-09T20:43:18","guid":{"rendered":"https:\/\/figari-aeroport.cci.corsica\/?page_id=507"},"modified":"2026-02-05T15:34:20","modified_gmt":"2026-02-05T14:34:20","slug":"seniors-and-people-with-reduced-mobility","status":"publish","type":"page","link":"https:\/\/figari-aeroport.cci.corsica\/en\/seniors-et-pmr\/","title":{"rendered":"Seniors and PRM"},"content":{"rendered":"<div data-elementor-type=\"wp-page\" data-elementor-id=\"507\" class=\"elementor elementor-507\" data-elementor-post-type=\"page\">\n\t\t\t\t<div class=\"elementor-element elementor-element-4ac07c7 e-flex e-con-boxed e-con e-parent\" data-id=\"4ac07c7\" data-element_type=\"container\">\n\t\t\t\t\t<div class=\"e-con-inner\">\n\t\t\t\t<div class=\"elementor-element elementor-element-b8c4a6b elementor-widget elementor-widget-text-editor\" data-id=\"b8c4a6b\" data-element_type=\"widget\" data-widget_type=\"text-editor.default\">\n\t\t\t\t<div class=\"elementor-widget-container\">\n\t\t\t\t\t\t\t\t\t<h3>We offer assistance tailored to senior passengers and PRMs to ensure their comfort and safety throughout their journey.<\/h3>\t\t\t\t\t\t\t\t<\/div>\n\t\t\t\t<\/div>\n\t\t\t\t<div class=\"elementor-element elementor-element-43dae76 elementor-widget elementor-widget-heading\" data-id=\"43dae76\" data-element_type=\"widget\" data-widget_type=\"heading.default\">\n\t\t\t\t<div class=\"elementor-widget-container\">\n\t\t\t\t\t<h4 class=\"elementor-heading-title elementor-size-default\">Figari-sud corse airport is revamping its facilities for people with reduced mobility.\u00a0<\/h4>\t\t\t\t<\/div>\n\t\t\t\t<\/div>\n\t\t\t\t<div class=\"elementor-element elementor-element-0609ebf elementor-widget elementor-widget-text-editor\" data-id=\"0609ebf\" data-element_type=\"widget\" data-widget_type=\"text-editor.default\">\n\t\t\t\t<div class=\"elementor-widget-container\">\n\t\t\t\t\t\t\t\t\t<p>Assistance for disabled and reduced-mobility passengers has been provided by the EPCI of Corsica, under contract to SCALA, since 1 July 2008.<\/p><p><strong>Freephone number: 0 800 005 007<\/strong><\/p><p><a href=\"mailto:fsc.sup@scalafigari.fr\" target=\"_blank\" rel=\"noopener\">fsc.sup@scalafigari.fr<\/a><\/p>\t\t\t\t\t\t\t\t<\/div>\n\t\t\t\t<\/div>\n\t\t\t\t<div class=\"elementor-element elementor-element-6f251c5 elementor-alert-info elementor-widget elementor-widget-alert\" data-id=\"6f251c5\" data-element_type=\"widget\" data-widget_type=\"alert.default\">\n\t\t\t\t<div class=\"elementor-widget-container\">\n\t\t\t\t\t\t\t<div class=\"elementor-alert\" role=\"alert\">\n\n\t\t\t\t\t\t<span class=\"elementor-alert-title\">Important<\/span>\n\t\t\t\n\t\t\t\t\t\t<span class=\"elementor-alert-description\">You must contact your airline or travel agent at least 48 hours before departure if you require assistance. People with vehicles have reserved spaces in the public car park in front of the terminal, with the pick-up point inside the terminal's departure hall. However, it is possible to be picked up from outside the terminal to your seat in the aircraft (or from the aircraft exit to outside the terminal). <\/span>\n\t\t\t\n\t\t\t\n\t\t<\/div>\n\t\t\t\t\t\t<\/div>\n\t\t\t\t<\/div>\n\t\t\t\t<div class=\"elementor-element elementor-element-bc434da elementor-widget elementor-widget-n-accordion\" data-id=\"bc434da\" data-element_type=\"widget\" data-settings=\"{&quot;default_state&quot;:&quot;all_collapsed&quot;,&quot;max_items_expended&quot;:&quot;one&quot;,&quot;n_accordion_animation_duration&quot;:{&quot;unit&quot;:&quot;ms&quot;,&quot;size&quot;:400,&quot;sizes&quot;:[]}}\" data-widget_type=\"nested-accordion.default\">\n\t\t\t\t<div class=\"elementor-widget-container\">\n\t\t\t\t\t\t\t<div class=\"e-n-accordion\" aria-label=\"Accordion. Open links with Enter or Space, close with Escape, and navigate with Arrow Keys\">\n\t\t\t\t\t\t<details id=\"e-n-accordion-item-1970\" class=\"e-n-accordion-item\" >\n\t\t\t\t<summary class=\"e-n-accordion-item-title\" data-accordion-index=\"1\" tabindex=\"0\" aria-expanded=\"false\" aria-controls=\"e-n-accordion-item-1970\" >\n\t\t\t\t\t<span class='e-n-accordion-item-title-header'><h3 class=\"e-n-accordion-item-title-text\"> At the start <\/h3><\/span>\n\t\t\t\t\t\t\t<span class='e-n-accordion-item-title-icon'>\n\t\t\t<span class='e-opened' ><svg aria-hidden=\"true\" class=\"e-font-icon-svg e-fas-minus\" viewbox=\"0 0 448 512\" xmlns=\"http:\/\/www.w3.org\/2000\/svg\"><path d=\"M416 208H32c-17.67 0-32 14.33-32 32v32c0 17.67 14.33 32 32 32h384c17.67 0 32-14.33 32-32v-32c0-17.67-14.33-32-32-32z\"><\/path><\/svg><\/span>\n\t\t\t<span class='e-closed'><svg aria-hidden=\"true\" class=\"e-font-icon-svg e-fas-plus\" viewbox=\"0 0 448 512\" xmlns=\"http:\/\/www.w3.org\/2000\/svg\"><path d=\"M416 208H272V64c0-17.67-14.33-32-32-32h-32c-17.67 0-32 14.33-32 32v144H32c-17.67 0-32 14.33-32 32v32c0 17.67 14.33 32 32 32h144v144c0 17.67 14.33 32 32 32h32c17.67 0 32-14.33 32-32V304h144c17.67 0 32-14.33 32-32v-32c0-17.67-14.33-32-32-32z\"><\/path><\/svg><\/span>\n\t\t<\/span>\n\n\t\t\t\t\t\t<\/summary>\n\t\t\t\t<div role=\"region\" aria-labelledby=\"e-n-accordion-item-1970\" class=\"elementor-element elementor-element-09c875b e-con-full e-flex e-con e-child\" data-id=\"09c875b\" data-element_type=\"container\">\n\t\t<div role=\"region\" aria-labelledby=\"e-n-accordion-item-1970\" class=\"elementor-element elementor-element-258b992 e-flex e-con-boxed e-con e-child\" data-id=\"258b992\" data-element_type=\"container\">\n\t\t\t\t\t<div class=\"e-con-inner\">\n\t\t\t\t<div class=\"elementor-element elementor-element-4fe910c elementor-widget elementor-widget-text-editor\" data-id=\"4fe910c\" data-element_type=\"widget\" data-widget_type=\"text-editor.default\">\n\t\t\t\t<div class=\"elementor-widget-container\">\n\t\t\t\t\t\t\t\t\t<p>The Airport shall provide assistance to the PHMR so that the PHMR is able to take the flight for which it has a reservation, provided that :<\/p><ul><li>the air carrier has been notified of the special requirements for this assistance, or<\/li><li>the travel organiser concerned at least 48 hours before the published departure time of the flight.<\/li><\/ul><p><strong>\u00a0<\/strong><\/p><p><strong>PHMR presents itself:<\/strong><\/p><p><span style=\"text-decoration: underline\">\u00a0On registration :<\/span><\/p><ul><li>at the time specified in advance and in writing (including electronically) by the air carrier or tour operator,<\/li><li>if no time is specified, no later than 1 hour before the published departure time.<\/li><\/ul><p>\u00a0<\/p><p><span style=\"text-decoration: underline\">At identified points in the airport :<\/span><\/p><ul><li>at the time specified in advance and in writing (including electronically) by the air carrier or tour operator,<\/li><li>if no time has been specified, no later than 2 hours before the published departure time.<\/li><\/ul><p>\u00a0<\/p><p>If any of the conditions described above are not met, the Airport will make every reasonable effort to provide the necessary assistance in accordance with the following quality standards:<\/p><ul><li>for PRMs who have booked in advance, and for whom the airline or its assistant has notified the request for service more than 36 hours before the published departure time of the flight, and who have presented themselves at check-in or at the designated points within the time allowed, after having identified themselves, 90% of PRMs will not have to wait before receiving assistance; ;<\/li><li>for all other departing PHMRs, on flights included in the basic timetable, 90% PHMRs must not wait more than 15 minutes after identifying themselves; ;<\/li><li>outside the known provisional programme, once they have identified themselves, 90% PRMs will not have to wait more than 1 hour for assistance.<\/li><\/ul>\t\t\t\t\t\t\t\t<\/div>\n\t\t\t\t<\/div>\n\t\t\t\t\t<\/div>\n\t\t\t\t<\/div>\n\t\t\t\t<\/div>\n\t\t\t\t\t<\/details>\n\t\t\t\t\t<\/div>\n\t\t\t\t\t\t<\/div>\n\t\t\t\t<\/div>\n\t\t\t\t<div class=\"elementor-element elementor-element-7b847e2 elementor-widget elementor-widget-n-accordion\" data-id=\"7b847e2\" data-element_type=\"widget\" data-settings=\"{&quot;default_state&quot;:&quot;all_collapsed&quot;,&quot;max_items_expended&quot;:&quot;one&quot;,&quot;n_accordion_animation_duration&quot;:{&quot;unit&quot;:&quot;ms&quot;,&quot;size&quot;:400,&quot;sizes&quot;:[]}}\" data-widget_type=\"nested-accordion.default\">\n\t\t\t\t<div class=\"elementor-widget-container\">\n\t\t\t\t\t\t\t<div class=\"e-n-accordion\" aria-label=\"Accordion. Open links with Enter or Space, close with Escape, and navigate with Arrow Keys\">\n\t\t\t\t\t\t<details id=\"e-n-accordion-item-1290\" class=\"e-n-accordion-item\" >\n\t\t\t\t<summary class=\"e-n-accordion-item-title\" data-accordion-index=\"1\" tabindex=\"0\" aria-expanded=\"false\" aria-controls=\"e-n-accordion-item-1290\" >\n\t\t\t\t\t<span class='e-n-accordion-item-title-header'><h3 class=\"e-n-accordion-item-title-text\"> On arrival <\/h3><\/span>\n\t\t\t\t\t\t\t<span class='e-n-accordion-item-title-icon'>\n\t\t\t<span class='e-opened' ><svg aria-hidden=\"true\" class=\"e-font-icon-svg e-fas-minus\" viewbox=\"0 0 448 512\" xmlns=\"http:\/\/www.w3.org\/2000\/svg\"><path d=\"M416 208H32c-17.67 0-32 14.33-32 32v32c0 17.67 14.33 32 32 32h384c17.67 0 32-14.33 32-32v-32c0-17.67-14.33-32-32-32z\"><\/path><\/svg><\/span>\n\t\t\t<span class='e-closed'><svg aria-hidden=\"true\" class=\"e-font-icon-svg e-fas-plus\" viewbox=\"0 0 448 512\" xmlns=\"http:\/\/www.w3.org\/2000\/svg\"><path d=\"M416 208H272V64c0-17.67-14.33-32-32-32h-32c-17.67 0-32 14.33-32 32v144H32c-17.67 0-32 14.33-32 32v32c0 17.67 14.33 32 32 32h144v144c0 17.67 14.33 32 32 32h32c17.67 0 32-14.33 32-32V304h144c17.67 0 32-14.33 32-32v-32c0-17.67-14.33-32-32-32z\"><\/path><\/svg><\/span>\n\t\t<\/span>\n\n\t\t\t\t\t\t<\/summary>\n\t\t\t\t<div role=\"region\" aria-labelledby=\"e-n-accordion-item-1290\" class=\"elementor-element elementor-element-660060a e-con-full e-flex e-con e-child\" data-id=\"660060a\" data-element_type=\"container\">\n\t\t<div role=\"region\" aria-labelledby=\"e-n-accordion-item-1290\" class=\"elementor-element elementor-element-ed675de e-flex e-con-boxed e-con e-child\" data-id=\"ed675de\" data-element_type=\"container\">\n\t\t\t\t\t<div class=\"e-con-inner\">\n\t\t\t\t<div class=\"elementor-element elementor-element-6607f9d elementor-widget elementor-widget-text-editor\" data-id=\"6607f9d\" data-element_type=\"widget\" data-widget_type=\"text-editor.default\">\n\t\t\t\t<div class=\"elementor-widget-container\">\n\t\t\t\t\t\t\t\t\t<p>The Airport provides assistance to PHMR provided that :<\/p><ul><li>the special requirements for this assistance have been notified to the air carrier or tour operator concerned at least 48 hours before the published departure time of the flight,<\/li><li>assistance needs are notified as soon as the flight departs from its home airport.<\/li><\/ul><p>\u00a0<\/p><p>If any of the conditions described above are not met, the Airport will make every reasonable effort to provide the necessary assistance in accordance with the following quality standards:<\/p><ul><li>for arriving PRMs who have booked in advance, and for whom the airline or its assistant has notified the request for service more than 36 hours before the published departure time of the flight, assistance must be present in the immediate vicinity of the aircraft for 90 % of PRMs arriving from the aircraft in the block; ;<\/li><li>for all other arriving PRMs, on flights included in the basic programme, 90% PRMs will not have to wait more than 15 minutes after identifying themselves, and will be placed under the responsibility of the airline or the ground assistant during this time; ;<\/li><li>outside the known provisional schedule, after reporting on arrival, 90% of PHMRs will not have to wait more than 1 hour after the aircraft's block time before receiving assistance and will be placed under the responsibility of the airline or the ground assistant during this time.<\/li><\/ul>\t\t\t\t\t\t\t\t<\/div>\n\t\t\t\t<\/div>\n\t\t\t\t\t<\/div>\n\t\t\t\t<\/div>\n\t\t\t\t<\/div>\n\t\t\t\t\t<\/details>\n\t\t\t\t\t<\/div>\n\t\t\t\t\t\t<\/div>\n\t\t\t\t<\/div>\n\t\t\t\t\t<\/div>\n\t\t\t\t<\/div>\n\t\t\t\t<\/div>","protected":false},"excerpt":{"rendered":"<p>Nous proposons une assistance adapt\u00e9e aux passagers seniors et aux PMR pour garantir leur confort et leur s\u00e9curit\u00e9 tout au long de leur voyage. L\u2019A\u00c9ROPORT Figari-sud corse DYNAMISE SON ACCUEIL AUPR\u00c8S DES PERSONNES \u00c0 MOBILIT\u00c9 R\u00c9DUITE.\u00a0 L\u2019assistance aux passagers handicap\u00e9s et \u00e0 mobilit\u00e9 r\u00e9duite est assur\u00e9e par l&rsquo;EPCI de Corse sous trait\u00e9e par la soci\u00e9t\u00e9 [&hellip;]<\/p>\n","protected":false},"author":4,"featured_media":770,"parent":0,"menu_order":0,"comment_status":"closed","ping_status":"closed","template":"","meta":{"_acf_changed":false,"_seopress_robots_primary_cat":"","_seopress_titles_title":"","_seopress_titles_desc":"","_seopress_robots_index":"","footnotes":""},"type-de-page":[4],"class_list":["post-507","page","type-page","status-publish","has-post-thumbnail","hentry","type-de-page-page-avec-image"],"acf":[],"_links":{"self":[{"href":"https:\/\/figari-aeroport.cci.corsica\/en\/wp-json\/wp\/v2\/pages\/507","targetHints":{"allow":["GET"]}}],"collection":[{"href":"https:\/\/figari-aeroport.cci.corsica\/en\/wp-json\/wp\/v2\/pages"}],"about":[{"href":"https:\/\/figari-aeroport.cci.corsica\/en\/wp-json\/wp\/v2\/types\/page"}],"author":[{"embeddable":true,"href":"https:\/\/figari-aeroport.cci.corsica\/en\/wp-json\/wp\/v2\/users\/4"}],"replies":[{"embeddable":true,"href":"https:\/\/figari-aeroport.cci.corsica\/en\/wp-json\/wp\/v2\/comments?post=507"}],"version-history":[{"count":31,"href":"https:\/\/figari-aeroport.cci.corsica\/en\/wp-json\/wp\/v2\/pages\/507\/revisions"}],"predecessor-version":[{"id":2169,"href":"https:\/\/figari-aeroport.cci.corsica\/en\/wp-json\/wp\/v2\/pages\/507\/revisions\/2169"}],"wp:featuredmedia":[{"embeddable":true,"href":"https:\/\/figari-aeroport.cci.corsica\/en\/wp-json\/wp\/v2\/media\/770"}],"wp:attachment":[{"href":"https:\/\/figari-aeroport.cci.corsica\/en\/wp-json\/wp\/v2\/media?parent=507"}],"wp:term":[{"taxonomy":"type-de-page","embeddable":true,"href":"https:\/\/figari-aeroport.cci.corsica\/en\/wp-json\/wp\/v2\/type-de-page?post=507"}],"curies":[{"name":"wp","href":"https:\/\/api.w.org\/{rel}","templated":true}]}}