{"id":545,"date":"2024-06-09T23:04:47","date_gmt":"2024-06-09T21:04:47","guid":{"rendered":"https:\/\/figari-aeroport.cci.corsica\/?page_id=545"},"modified":"2025-11-07T10:37:52","modified_gmt":"2025-11-07T09:37:52","slug":"travel-inspiration","status":"publish","type":"page","link":"https:\/\/figari-aeroport.cci.corsica\/en\/inspiration-voyages\/","title":{"rendered":"Travel inspirations"},"content":{"rendered":"\t\t<div data-elementor-type=\"wp-page\" data-elementor-id=\"545\" class=\"elementor elementor-545\" data-elementor-post-type=\"page\">\n\t\t\t\t<div class=\"elementor-element elementor-element-290e7580 e-flex e-con-boxed e-con e-parent\" data-id=\"290e7580\" data-element_type=\"container\">\n\t\t\t\t\t<div class=\"e-con-inner\">\n\t\t\t\t<div class=\"elementor-element elementor-element-5b4310f7 elementor-toc--content-ellipsis elementor-toc--minimized-on-tablet elementor-widget elementor-widget-table-of-contents\" data-id=\"5b4310f7\" data-element_type=\"widget\" data-settings=\"{&quot;headings_by_tags&quot;:[&quot;h2&quot;],&quot;exclude_headings_by_selector&quot;:[],&quot;marker_view&quot;:&quot;bullets&quot;,&quot;collapse_subitems&quot;:&quot;yes&quot;,&quot;no_headings_message&quot;:&quot;Aucun titre n\\u2019a \\u00e9t\\u00e9 trouv\\u00e9 sur cette page.&quot;,&quot;icon&quot;:{&quot;value&quot;:&quot;fas fa-circle&quot;,&quot;library&quot;:&quot;fa-solid&quot;,&quot;rendered_tag&quot;:&quot;&lt;svg class=\\&quot;e-font-icon-svg e-fas-circle\\&quot; viewBox=\\&quot;0 0 512 512\\&quot; xmlns=\\&quot;http:\\\/\\\/www.w3.org\\\/2000\\\/svg\\&quot;&gt;&lt;path d=\\&quot;M256 8C119 8 8 119 8 256s111 248 248 248 248-111 248-248S393 8 256 8z\\&quot;&gt;&lt;\\\/path&gt;&lt;\\\/svg&gt;&quot;},&quot;minimize_box&quot;:&quot;yes&quot;,&quot;minimized_on&quot;:&quot;tablet&quot;,&quot;hierarchical_view&quot;:&quot;yes&quot;,&quot;min_height&quot;:{&quot;unit&quot;:&quot;px&quot;,&quot;size&quot;:&quot;&quot;,&quot;sizes&quot;:[]},&quot;min_height_laptop&quot;:{&quot;unit&quot;:&quot;px&quot;,&quot;size&quot;:&quot;&quot;,&quot;sizes&quot;:[]},&quot;min_height_tablet&quot;:{&quot;unit&quot;:&quot;px&quot;,&quot;size&quot;:&quot;&quot;,&quot;sizes&quot;:[]},&quot;min_height_mobile&quot;:{&quot;unit&quot;:&quot;px&quot;,&quot;size&quot;:&quot;&quot;,&quot;sizes&quot;:[]}}\" data-widget_type=\"table-of-contents.default\">\n\t\t\t\t<div class=\"elementor-widget-container\">\n\t\t\t\t\t\t\t\t\t<div class=\"elementor-toc__header\">\n\t\t\t\t\t\t<h2 class=\"elementor-toc__header-title\">\n\t\t\t\tToutes les destinations\t\t\t<\/h2>\n\t\t\t\t\t\t\t\t\t\t<div class=\"elementor-toc__toggle-button elementor-toc__toggle-button--expand\" role=\"button\" tabindex=\"0\" aria-controls=\"elementor-toc__5b4310f7\" aria-expanded=\"true\" aria-label=\"Open table of contents\"><svg aria-hidden=\"true\" class=\"e-font-icon-svg e-fas-chevron-down\" viewBox=\"0 0 448 512\" xmlns=\"http:\/\/www.w3.org\/2000\/svg\"><path d=\"M207.029 381.476L12.686 187.132c-9.373-9.373-9.373-24.569 0-33.941l22.667-22.667c9.357-9.357 24.522-9.375 33.901-.04L224 284.505l154.745-154.021c9.379-9.335 24.544-9.317 33.901.04l22.667 22.667c9.373 9.373 9.373 24.569 0 33.941L240.971 381.476c-9.373 9.372-24.569 9.372-33.942 0z\"><\/path><\/svg><\/div>\n\t\t\t\t<div class=\"elementor-toc__toggle-button elementor-toc__toggle-button--collapse\" role=\"button\" tabindex=\"0\" aria-controls=\"elementor-toc__5b4310f7\" aria-expanded=\"true\" aria-label=\"Close table of contents\"><svg aria-hidden=\"true\" class=\"e-font-icon-svg e-fas-chevron-up\" viewBox=\"0 0 448 512\" xmlns=\"http:\/\/www.w3.org\/2000\/svg\"><path d=\"M240.971 130.524l194.343 194.343c9.373 9.373 9.373 24.569 0 33.941l-22.667 22.667c-9.357 9.357-24.522 9.375-33.901.04L224 227.495 69.255 381.516c-9.379 9.335-24.544 9.317-33.901-.04l-22.667-22.667c-9.373-9.373-9.373-24.569 0-33.941L207.03 130.525c9.372-9.373 24.568-9.373 33.941-.001z\"><\/path><\/svg><\/div>\n\t\t\t\t\t<\/div>\n\t\t\t\t<div id=\"elementor-toc__5b4310f7\" class=\"elementor-toc__body elementor-toc__list-items--collapsible\">\n\t\t\t<div class=\"elementor-toc__spinner-container\">\n\t\t\t\t<svg class=\"elementor-toc__spinner eicon-animation-spin e-font-icon-svg e-eicon-loading\" aria-hidden=\"true\" viewBox=\"0 0 1000 1000\" xmlns=\"http:\/\/www.w3.org\/2000\/svg\"><path d=\"M500 975V858C696 858 858 696 858 500S696 142 500 142 142 304 142 500H25C25 237 238 25 500 25S975 237 975 500 763 975 500 975Z\"><\/path><\/svg>\t\t\t<\/div>\n\t\t<\/div>\n\t\t\t\t\t\t<\/div>\n\t\t\t\t<\/div>\n\t\t\t\t\t<\/div>\n\t\t\t\t<\/div>\n\t\t<div class=\"elementor-element elementor-element-46be3167 e-flex e-con-boxed e-con e-parent\" data-id=\"46be3167\" data-element_type=\"container\">\n\t\t\t\t\t<div class=\"e-con-inner\">\n\t\t\t\t<div class=\"elementor-element elementor-element-4afb4223 elementor-widget-divider--view-line elementor-widget elementor-widget-divider\" data-id=\"4afb4223\" data-element_type=\"widget\" data-widget_type=\"divider.default\">\n\t\t\t\t<div class=\"elementor-widget-container\">\n\t\t\t\t\t\t\t<div class=\"elementor-divider\">\n\t\t\t<span class=\"elementor-divider-separator\">\n\t\t\t\t\t\t<\/span>\n\t\t<\/div>\n\t\t\t\t\t\t<\/div>\n\t\t\t\t<\/div>\n\t\t\t\t\t<\/div>\n\t\t\t\t<\/div>\n\t\t<div class=\"elementor-element elementor-element-256e8592 e-flex e-con-boxed e-con e-parent\" data-id=\"256e8592\" data-element_type=\"container\">\n\t\t\t\t\t<div class=\"e-con-inner\">\n\t\t\t\t<div class=\"elementor-element elementor-element-417b5ea6 elementor-widget elementor-widget-text-editor\" data-id=\"417b5ea6\" data-element_type=\"widget\" data-widget_type=\"text-editor.default\">\n\t\t\t\t<div class=\"elementor-widget-container\">\n\t\t\t\t\t\t\t\t\t<p><\/p>\n<h2 class=\"wp-block-heading\">MARSEILLE<\/h2>\n<p><\/p>\n<figure class=\"wp-block-image size-large\"><img fetchpriority=\"high\" decoding=\"async\" class=\"alignnone wp-image-5368 size-full\" src=\"http:\/\/bastia-aeroport.cci.corsica\/wp-content\/uploads\/sites\/3\/2024\/05\/Design-sans-titre-33.png\" alt=\"\" width=\"1024\" height=\"589\" \/>\n<p>\u00a0<\/p>\n<figcaption class=\"wp-element-caption\"><\/figcaption>\n<\/figure>\n<p><\/p>\n<p class=\"has-text-align-center\">Marseille, consid\u00e9r\u00e9e comme le berceau de la M\u00e9diterran\u00e9e, est la deuxi\u00e8me ville la plus peupl\u00e9e de France, et cette diversit\u00e9 ethnique est l\u2019une des principales raisons de sa singularit\u00e9 et de sa richesse patrimoniale. Marseille est avant tout caract\u00e9ris\u00e9e par son accent distinctif et la franchise de ses habitants, une qualit\u00e9 que l\u2019on ne retrouve nulle part ailleurs en France. Elle se distingue \u00e9galement par une vie culturelle foisonnante, avec de nombreux mus\u00e9es, dont le c\u00e9l\u00e8bre MUCEM sur la rade. De plus, la ville est le point de d\u00e9part de nombreuses excursions terrestres et maritimes, notamment vers mes calanques de Cassis ou les \u00eeles du Frioul. C\u2019est une destination id\u00e9ale pour des vacances ensoleill\u00e9es ou un week-end enrichissant.<\/p>\n<p><\/p>\t\t\t\t\t\t\t\t<\/div>\n\t\t\t\t<\/div>\n\t\t\t\t\t<\/div>\n\t\t\t\t<\/div>\n\t\t<div class=\"elementor-element elementor-element-3871fdd e-flex e-con-boxed e-con e-parent\" data-id=\"3871fdd\" data-element_type=\"container\">\n\t\t\t\t\t<div class=\"e-con-inner\">\n\t\t\t\t<div class=\"elementor-element elementor-element-596bd290 elementor-widget__width-initial elementor-widget elementor-widget-text-editor\" data-id=\"596bd290\" data-element_type=\"widget\" data-widget_type=\"text-editor.default\">\n\t\t\t\t<div class=\"elementor-widget-container\">\n\t\t\t\t\t\t\t\t\t<p><img decoding=\"async\" class=\"alignnone wp-image-5369 size-full\" src=\"http:\/\/bastia-aeroport.cci.corsica\/wp-content\/uploads\/sites\/3\/2024\/05\/34.png\" alt=\"\" width=\"500\" height=\"500\"><\/p>\n<h4>&nbsp;<\/h4>\n<h3><em>&nbsp; &nbsp; &nbsp; &nbsp; &nbsp;<\/em><em><u>Id\u00e9es de choses \u00e0 faire \u00e0&nbsp; MARSEILLE<\/u> &nbsp;<\/em>:<\/h3>\n<p><\/p>\n<ul>\n<li>Explorer le Vieux-Port de Marseille<\/li>\n<li>Visiter la Basilique Notre-Dame de la Garde<\/li>\n<li>D\u00e9couvrir le quartier du Panier<\/li>\n<li>Visiter le MUCEM (Mus\u00e9e des Civilisations de l&rsquo;Europe et de la M\u00e9diterran\u00e9e)<\/li>\n<li>Se promener dans le Parc National des Calanques<\/li>\n<li>Visiter le Ch\u00e2teau d&rsquo;If<\/li>\n<li>Assister \u00e0 un match de football au Stade V\u00e9lodrome<\/li>\n<li>Faire une croisi\u00e8re dans les calanques de Cassis<\/li>\n<li>Visiter le quartier du Cours Julien<\/li>\n<li>D\u00e9couvrir le quartier du Vallon des Auffes<\/li>\n<li>Assister au march\u00e9 aux poissons sur le Vieux-Port<\/li>\n<\/ul>\n<p style=\"font-weight: 400\">\n<\/p><p style=\"font-weight: 400\">\n<\/p>\t\t\t\t\t\t\t\t<\/div>\n\t\t\t\t<\/div>\n\t\t\t\t<div class=\"elementor-element elementor-element-90da76c elementor-widget-divider--view-line elementor-widget elementor-widget-divider\" data-id=\"90da76c\" data-element_type=\"widget\" data-widget_type=\"divider.default\">\n\t\t\t\t<div class=\"elementor-widget-container\">\n\t\t\t\t\t\t\t<div class=\"elementor-divider\">\n\t\t\t<span class=\"elementor-divider-separator\">\n\t\t\t\t\t\t<\/span>\n\t\t<\/div>\n\t\t\t\t\t\t<\/div>\n\t\t\t\t<\/div>\n\t\t\t\t\t<\/div>\n\t\t\t\t<\/div>\n\t\t<div class=\"elementor-element elementor-element-30254145 e-flex e-con-boxed e-con e-parent\" data-id=\"30254145\" data-element_type=\"container\">\n\t\t\t\t\t<div class=\"e-con-inner\">\n\t\t\t\t<div class=\"elementor-element elementor-element-4296a12a elementor-widget elementor-widget-text-editor\" data-id=\"4296a12a\" data-element_type=\"widget\" data-widget_type=\"text-editor.default\">\n\t\t\t\t<div class=\"elementor-widget-container\">\n\t\t\t\t\t\t\t\t\t<p><\/p>\n<h2 class=\"wp-block-heading\">NICE<\/h2>\n<p><\/p>\n<figure class=\"wp-block-image size-large\"><img decoding=\"async\" class=\"alignnone wp-image-5284 size-full\" src=\"http:\/\/bastia-aeroport.cci.corsica\/wp-content\/uploads\/sites\/3\/2024\/05\/Design-sans-titre-23.png\" alt=\"\" width=\"1024\" height=\"589\" \/>\n<p>\u00a0<\/p>\n<figcaption class=\"wp-element-caption\"><\/figcaption>\n<\/figure>\n<p><\/p>\n<p class=\"has-text-align-center\">Nice, surnomm\u00e9e la perle de la Cote d\u2019Azur, allie \u00e9l\u00e9gance et popularit\u00e9, nich\u00e9e entre les montagnes et la mer. La ville est en plein essor, loin des st\u00e9r\u00e9otypes d\u2019une belle cit\u00e9e endormie r\u00e9serv\u00e9e \u00e0 une \u00e9lite fortun\u00e9e. Son charme r\u00e9side notamment dans la proximit\u00e9 entre le centre-ville et la plage, accessible en moins de 5 minutes, un avantage ind\u00e9niable. Anim\u00e9e tout au long de l\u2019ann\u00e9e, Nice est r\u00e9put\u00e9e pour son c\u00e9l\u00e8bre carnaval et le festival de sa voisine cannoise. Le vieux Nice, toujours aussi vivant, offre une ambiance bouillonnante lors des jours de march\u00e9, et se promener dans ses ruelles ombrag\u00e9es aux murs color\u00e9s est un r\u00e9el plaisir. En tant que cinqui\u00e8me ville de France en termes de population, Nice attire \u00e9galement pour son \u00e9conomie dynamique ax\u00e9e sur l\u2019innovation technologique.<\/p>\n<p><\/p>\t\t\t\t\t\t\t\t<\/div>\n\t\t\t\t<\/div>\n\t\t\t\t\t<\/div>\n\t\t\t\t<\/div>\n\t\t<div class=\"elementor-element elementor-element-78dffe12 e-flex e-con-boxed e-con e-parent\" data-id=\"78dffe12\" data-element_type=\"container\">\n\t\t\t\t\t<div class=\"e-con-inner\">\n\t\t\t\t<div class=\"elementor-element elementor-element-10613ab8 elementor-widget__width-initial elementor-widget elementor-widget-text-editor\" data-id=\"10613ab8\" data-element_type=\"widget\" data-widget_type=\"text-editor.default\">\n\t\t\t\t<div class=\"elementor-widget-container\">\n\t\t\t\t\t\t\t\t\t<p><img loading=\"lazy\" decoding=\"async\" class=\"alignnone wp-image-5288 size-full\" src=\"http:\/\/bastia-aeroport.cci.corsica\/wp-content\/uploads\/sites\/3\/2024\/05\/24.png\" alt=\"\" width=\"500\" height=\"500\" \/><\/p>\n<h4>\u00a0<\/h4>\n<h3><em>\u00a0 \u00a0 \u00a0 \u00a0 \u00a0<\/em><em><u>Id\u00e9es de choses \u00e0 faire \u00e0 NICE<\/u> \u00a0<\/em>:<\/h3>\n<ul>\n<li>Se promener sur la Promenade des Anglais<\/li>\n<li>D\u00e9couvrir la Vieille Ville (Vieux Nice)<\/li>\n<li>Visiter la Colline du Ch\u00e2teau<\/li>\n<li>Admirer la Cath\u00e9drale Sainte-R\u00e9parate<\/li>\n<li>Se d\u00e9tendre sur la plage de la baie des Anges<\/li>\n<li>Explorer le March\u00e9 aux Fleurs (Cours Saleya)<\/li>\n<li>Visiter le Mus\u00e9e Matisse<\/li>\n<li>Faire une balade sur la Promenade du Paillon<\/li>\n<li>Visiter le Mus\u00e9e d&rsquo;Art Moderne et d&rsquo;Art Contemporain (MAMAC)<\/li>\n<li>Assister \u00e0 un concert au Th\u00e9\u00e2tre de Nice<\/li>\n<li>Visiter le Mus\u00e9e Marc Chagall<\/li>\n<li>Faire une excursion \u00e0 Monaco<\/li>\n<\/ul>\n<p style=\"font-weight: 400\">\u00a0<\/p>\n<p style=\"font-weight: 400\">\u00a0<\/p>\t\t\t\t\t\t\t\t<\/div>\n\t\t\t\t<\/div>\n\t\t\t\t\t<\/div>\n\t\t\t\t<\/div>\n\t\t<div class=\"elementor-element elementor-element-51bc8be9 e-flex e-con-boxed e-con e-parent\" data-id=\"51bc8be9\" data-element_type=\"container\">\n\t\t\t\t\t<div class=\"e-con-inner\">\n\t\t\t\t<div class=\"elementor-element elementor-element-35b0e09e elementor-widget-divider--view-line elementor-widget elementor-widget-divider\" data-id=\"35b0e09e\" data-element_type=\"widget\" data-widget_type=\"divider.default\">\n\t\t\t\t<div class=\"elementor-widget-container\">\n\t\t\t\t\t\t\t<div class=\"elementor-divider\">\n\t\t\t<span class=\"elementor-divider-separator\">\n\t\t\t\t\t\t<\/span>\n\t\t<\/div>\n\t\t\t\t\t\t<\/div>\n\t\t\t\t<\/div>\n\t\t\t\t\t<\/div>\n\t\t\t\t<\/div>\n\t\t<div class=\"elementor-element elementor-element-43e89b3f e-flex e-con-boxed e-con e-parent\" data-id=\"43e89b3f\" data-element_type=\"container\">\n\t\t\t\t\t<div class=\"e-con-inner\">\n\t\t\t\t<div class=\"elementor-element elementor-element-c9b519f elementor-widget__width-initial elementor-widget elementor-widget-text-editor\" data-id=\"c9b519f\" data-element_type=\"widget\" data-widget_type=\"text-editor.default\">\n\t\t\t\t<div class=\"elementor-widget-container\">\n\t\t\t\t\t\t\t\t\t<p><\/p>\n<h2 class=\"wp-block-heading\">PARIS<\/h2>\n<p><\/p>\n<figure class=\"wp-block-image size-large\"><img loading=\"lazy\" decoding=\"async\" class=\"alignnone wp-image-5299 size-full\" src=\"http:\/\/bastia-aeroport.cci.corsica\/wp-content\/uploads\/sites\/3\/2024\/05\/Design-sans-titre-24.png\" alt=\"\" width=\"1024\" height=\"589\" \/>\n<p>\u00a0<\/p>\n<figcaption class=\"wp-element-caption\"><\/figcaption>\n<\/figure>\n<p><\/p>\n<p class=\"has-text-align-center\">La capitale, surnomm\u00e9e la ville Lumi\u00e8re, est v\u00e9ritablement unique au monde. Elle regorge de tant de tr\u00e9sors qu\u2019il est possible de la red\u00e9couvrir \u00e0 chaque visite. Son remarquable patrimoine architectural, vieux de deux mill\u00e9naires, n\u2019a d\u2019\u00e9gal que la richesse de ses mus\u00e9es ou l\u2019authenticit\u00e9 pr\u00e9serv\u00e9e de certains de ses quartiers populaires. La Tour Eiffel, le mus\u00e9e du Louvre, Montmartre\u2026 les embl\u00e8mes de la capitale fran\u00e7aise sont nombreux, mais en dehors du flux touristique, chacun peut trouver un petit coin de tranquillit\u00e9, que ce soit assis dans l\u2019un de ses nombreux jardins ou en terrasse de bistrot en observant les passants press\u00e9s. Les touristes du monde entier ne s\u2019y sont pas tromp\u00e9s\u00a0: elle demeure la ville la plus visit\u00e9e, t\u00e9moignant ainsi de son charme temporel.<\/p>\n<p><\/p>\t\t\t\t\t\t\t\t<\/div>\n\t\t\t\t<\/div>\n\t\t\t\t\t<\/div>\n\t\t\t\t<\/div>\n\t\t<div class=\"elementor-element elementor-element-e1575d e-flex e-con-boxed e-con e-parent\" data-id=\"e1575d\" data-element_type=\"container\">\n\t\t\t\t\t<div class=\"e-con-inner\">\n\t\t\t\t<div class=\"elementor-element elementor-element-32d5f898 elementor-widget__width-initial elementor-widget elementor-widget-text-editor\" data-id=\"32d5f898\" data-element_type=\"widget\" data-widget_type=\"text-editor.default\">\n\t\t\t\t<div class=\"elementor-widget-container\">\n\t\t\t\t\t\t\t\t\t<p><img loading=\"lazy\" decoding=\"async\" class=\"alignnone wp-image-5300 size-full\" src=\"http:\/\/bastia-aeroport.cci.corsica\/wp-content\/uploads\/sites\/3\/2024\/05\/25.png\" alt=\"\" width=\"500\" height=\"500\" \/><\/p>\n<h4>\u00a0<\/h4>\n<h3><em>\u00a0 \u00a0 \u00a0 \u00a0 \u00a0<\/em><em><u>Id\u00e9es de choses \u00e0 faire \u00e0 PARIS<\/u> \u00a0<\/em>:<\/h3>\n<ul>\n<li>Visiter la Tour Eiffel<\/li>\n<li>Explorer le mus\u00e9e du Louvre<\/li>\n<li>Se promener le long des Champs-\u00c9lys\u00e9es<\/li>\n<li>Visiter la Cath\u00e9drale Notre-Dame<\/li>\n<li>D\u00e9guster des p\u00e2tisseries fran\u00e7aises<\/li>\n<li>Explorer le quartier du Marais<\/li>\n<li>Visiter le Mus\u00e9e d&rsquo;Orsay<\/li>\n<li>D\u00e9couvrir le Quartier Latin<\/li>\n<li>Faire une croisi\u00e8re sur la Seine<\/li>\n<li>Visiter le mus\u00e9e de l\u2019Orangerie<\/li>\n<li>D\u00e9guster des fromages fran\u00e7ais au march\u00e9 de rue<\/li>\n<li>Se d\u00e9tendre au Jardin du Luxembourg<\/li>\n<li>Assister \u00e0 un spectacle au Moulin Rouge<\/li>\n<li>Visiter le Quartier Montmartre<\/li>\n<\/ul>\n<p style=\"font-weight: 400\">\u00a0<\/p>\n<p style=\"font-weight: 400\">\u00a0<\/p>\t\t\t\t\t\t\t\t<\/div>\n\t\t\t\t<\/div>\n\t\t\t\t\t<\/div>\n\t\t\t\t<\/div>\n\t\t<div class=\"elementor-element elementor-element-4071c21e e-flex e-con-boxed e-con e-parent\" data-id=\"4071c21e\" data-element_type=\"container\">\n\t\t\t\t\t<div class=\"e-con-inner\">\n\t\t\t\t<div class=\"elementor-element elementor-element-6dc6be8d elementor-widget-divider--view-line elementor-widget elementor-widget-divider\" data-id=\"6dc6be8d\" data-element_type=\"widget\" data-widget_type=\"divider.default\">\n\t\t\t\t<div class=\"elementor-widget-container\">\n\t\t\t\t\t\t\t<div class=\"elementor-divider\">\n\t\t\t<span class=\"elementor-divider-separator\">\n\t\t\t\t\t\t<\/span>\n\t\t<\/div>\n\t\t\t\t\t\t<\/div>\n\t\t\t\t<\/div>\n\t\t\t\t\t<\/div>\n\t\t\t\t<\/div>\n\t\t\t\t<\/div>\n\t\t","protected":false},"excerpt":{"rendered":"<p>Toutes les destinations MARSEILLE Marseille, consid\u00e9r\u00e9e comme le berceau de la M\u00e9diterran\u00e9e, est la deuxi\u00e8me ville la plus peupl\u00e9e de France, et cette diversit\u00e9 ethnique est l\u2019une des principales raisons de sa singularit\u00e9 et de sa richesse patrimoniale. Marseille est avant tout caract\u00e9ris\u00e9e par son accent distinctif et la franchise de ses habitants, une qualit\u00e9 [&hellip;]<\/p>\n","protected":false},"author":4,"featured_media":0,"parent":0,"menu_order":0,"comment_status":"closed","ping_status":"closed","template":"","meta":{"_acf_changed":false,"_seopress_robots_primary_cat":"","_seopress_titles_title":"","_seopress_titles_desc":"","_seopress_robots_index":"","footnotes":""},"type-de-page":[5],"class_list":["post-545","page","type-page","status-publish","hentry","type-de-page-page-sans-image"],"acf":[],"_links":{"self":[{"href":"https:\/\/figari-aeroport.cci.corsica\/en\/wp-json\/wp\/v2\/pages\/545","targetHints":{"allow":["GET"]}}],"collection":[{"href":"https:\/\/figari-aeroport.cci.corsica\/en\/wp-json\/wp\/v2\/pages"}],"about":[{"href":"https:\/\/figari-aeroport.cci.corsica\/en\/wp-json\/wp\/v2\/types\/page"}],"author":[{"embeddable":true,"href":"https:\/\/figari-aeroport.cci.corsica\/en\/wp-json\/wp\/v2\/users\/4"}],"replies":[{"embeddable":true,"href":"https:\/\/figari-aeroport.cci.corsica\/en\/wp-json\/wp\/v2\/comments?post=545"}],"version-history":[{"count":41,"href":"https:\/\/figari-aeroport.cci.corsica\/en\/wp-json\/wp\/v2\/pages\/545\/revisions"}],"predecessor-version":[{"id":2052,"href":"https:\/\/figari-aeroport.cci.corsica\/en\/wp-json\/wp\/v2\/pages\/545\/revisions\/2052"}],"wp:attachment":[{"href":"https:\/\/figari-aeroport.cci.corsica\/en\/wp-json\/wp\/v2\/media?parent=545"}],"wp:term":[{"taxonomy":"type-de-page","embeddable":true,"href":"https:\/\/figari-aeroport.cci.corsica\/en\/wp-json\/wp\/v2\/type-de-page?post=545"}],"curies":[{"name":"wp","href":"https:\/\/api.w.org\/{rel}","templated":true}]}}