{"id":554,"date":"2024-06-09T23:15:44","date_gmt":"2024-06-09T21:15:44","guid":{"rendered":"https:\/\/figari-aeroport.cci.corsica\/?page_id=554"},"modified":"2024-10-14T09:54:43","modified_gmt":"2024-10-14T07:54:43","slug":"shuttles","status":"publish","type":"page","link":"https:\/\/figari-aeroport.cci.corsica\/en\/navettes\/","title":{"rendered":"Shuttles"},"content":{"rendered":"<div data-elementor-type=\"wp-page\" data-elementor-id=\"554\" class=\"elementor elementor-554\" data-elementor-post-type=\"page\">\n\t\t\t\t<div class=\"elementor-element elementor-element-639923d e-flex e-con-boxed e-con e-parent\" data-id=\"639923d\" data-element_type=\"container\">\n\t\t\t\t\t<div class=\"e-con-inner\">\n\t\t\t\t<div class=\"elementor-element elementor-element-0cf5d0e elementor-widget elementor-widget-text-editor\" data-id=\"0cf5d0e\" data-element_type=\"widget\" data-widget_type=\"text-editor.default\">\n\t\t\t\t<div class=\"elementor-widget-container\">\n\t\t\t\t\t\t\t\t\t<p>Figari-Sud Corse airport has daily links all year round with the town of Porto-Vecchio, which is around 30 minutes from the airport.&nbsp;<\/p>\n<p>This shuttle service called <em>Berlina<\/em> is managed by the Communaut\u00e9 des Communes du Sud-Corse.&nbsp;<\/p>\n<p>Tickets can be purchased on board the shuttles and up-to-date timetables can be accessed via the following link:<\/p>\t\t\t\t\t\t\t\t<\/div>\n\t\t\t\t<\/div>\n\t\t\t\t<div class=\"elementor-element elementor-element-12d267c elementor-widget elementor-widget-text-editor\" data-id=\"12d267c\" data-element_type=\"widget\" data-widget_type=\"text-editor.default\">\n\t\t\t\t<div class=\"elementor-widget-container\">\n\t\t\t\t\t\t\t\t\t<p>Find all the practical information (timetables, routes, payment methods) on the Communaut\u00e9 de Communes Sud Corse website below:<\/p>\t\t\t\t\t\t\t\t<\/div>\n\t\t\t\t<\/div>\n\t\t\t\t<div class=\"elementor-element elementor-element-f618770 elementor-align-center elementor-widget elementor-widget-button\" data-id=\"f618770\" data-element_type=\"widget\" data-widget_type=\"button.default\">\n\t\t\t\t<div class=\"elementor-widget-container\">\n\t\t\t\t\t\t\t\t\t<div class=\"elementor-button-wrapper\">\n\t\t\t\t\t<a class=\"elementor-button elementor-button-link elementor-size-sm\" href=\"https:\/\/cc-sudcorse.fr\/navettes-aeorport-figari-sud-corse\/\" target=\"_blank\">\n\t\t\t\t\t\t<span class=\"elementor-button-content-wrapper\">\n\t\t\t\t\t\t\t\t\t<span class=\"elementor-button-text\">Figari - Porto-Vecchio airport shuttles<\/span>\n\t\t\t\t\t<\/span>\n\t\t\t\t\t<\/a>\n\t\t\t\t<\/div>\n\t\t\t\t\t\t\t\t<\/div>\n\t\t\t\t<\/div>\n\t\t\t\t\t<\/div>\n\t\t\t\t<\/div>\n\t\t\t\t<\/div>","protected":false},"excerpt":{"rendered":"<p>L\u2019a\u00e9roport Figari-Sud Corse est reli\u00e9 toute l\u2019ann\u00e9e quotidiennement \u00e0 la ville de Porto-Vecchio qui se situe \u00e0 environ 30 minutes de l\u2019a\u00e9roport.&nbsp; Ce service de navette appel\u00e9e Berlina est g\u00e9r\u00e9 par la Communaut\u00e9 des Communes du Sud-Corse.&nbsp; Les tickets peuvent \u00eatre achet\u00e9s \u00e0 bord des navettes et les horaires \u00e0 jour sont accessibles via le [&hellip;]<\/p>\n","protected":false},"author":4,"featured_media":0,"parent":0,"menu_order":0,"comment_status":"closed","ping_status":"closed","template":"","meta":{"_acf_changed":false,"_seopress_robots_primary_cat":"","_seopress_titles_title":"","_seopress_titles_desc":"","_seopress_robots_index":"","footnotes":""},"type-de-page":[5],"class_list":["post-554","page","type-page","status-publish","hentry","type-de-page-page-sans-image"],"acf":[],"_links":{"self":[{"href":"https:\/\/figari-aeroport.cci.corsica\/en\/wp-json\/wp\/v2\/pages\/554","targetHints":{"allow":["GET"]}}],"collection":[{"href":"https:\/\/figari-aeroport.cci.corsica\/en\/wp-json\/wp\/v2\/pages"}],"about":[{"href":"https:\/\/figari-aeroport.cci.corsica\/en\/wp-json\/wp\/v2\/types\/page"}],"author":[{"embeddable":true,"href":"https:\/\/figari-aeroport.cci.corsica\/en\/wp-json\/wp\/v2\/users\/4"}],"replies":[{"embeddable":true,"href":"https:\/\/figari-aeroport.cci.corsica\/en\/wp-json\/wp\/v2\/comments?post=554"}],"version-history":[{"count":23,"href":"https:\/\/figari-aeroport.cci.corsica\/en\/wp-json\/wp\/v2\/pages\/554\/revisions"}],"predecessor-version":[{"id":1787,"href":"https:\/\/figari-aeroport.cci.corsica\/en\/wp-json\/wp\/v2\/pages\/554\/revisions\/1787"}],"wp:attachment":[{"href":"https:\/\/figari-aeroport.cci.corsica\/en\/wp-json\/wp\/v2\/media?parent=554"}],"wp:term":[{"taxonomy":"type-de-page","embeddable":true,"href":"https:\/\/figari-aeroport.cci.corsica\/en\/wp-json\/wp\/v2\/type-de-page?post=554"}],"curies":[{"name":"wp","href":"https:\/\/api.w.org\/{rel}","templated":true}]}}