{"id":571,"date":"2024-06-09T23:16:53","date_gmt":"2024-06-09T21:16:53","guid":{"rendered":"https:\/\/figari-aeroport.cci.corsica\/?page_id=571"},"modified":"2024-09-16T11:01:13","modified_gmt":"2024-09-16T09:01:13","slug":"taxis","status":"publish","type":"page","link":"https:\/\/figari-aeroport.cci.corsica\/en\/taxis\/","title":{"rendered":"Taxis"},"content":{"rendered":"<div data-elementor-type=\"wp-page\" data-elementor-id=\"571\" class=\"elementor elementor-571\" data-elementor-post-type=\"page\">\n\t\t\t\t<div class=\"elementor-element elementor-element-89b7c18 e-flex e-con-boxed e-con e-parent\" data-id=\"89b7c18\" data-element_type=\"container\">\n\t\t\t\t\t<div class=\"e-con-inner\">\n\t\t\t\t<div class=\"elementor-element elementor-element-d35cf91 elementor-widget elementor-widget-text-editor\" data-id=\"d35cf91\" data-element_type=\"widget\" data-widget_type=\"text-editor.default\">\n\t\t\t\t<div class=\"elementor-widget-container\">\n\t\t\t\t\t\t\t\t\t<h3>Figari-Sud Corse airport taxis are parked in front of the arrivals area.<\/h3>\t\t\t\t\t\t\t\t<\/div>\n\t\t\t\t<\/div>\n\t\t\t\t\t<\/div>\n\t\t\t\t<\/div>\n\t\t<div class=\"elementor-element elementor-element-7f1215f e-flex e-con-boxed e-con e-parent\" data-id=\"7f1215f\" data-element_type=\"container\">\n\t\t\t\t\t<div class=\"e-con-inner\">\n\t\t\t\t<div class=\"elementor-element elementor-element-e3803cf elementor-icon-list--layout-traditional elementor-list-item-link-full_width elementor-widget elementor-widget-icon-list\" data-id=\"e3803cf\" data-element_type=\"widget\" data-widget_type=\"icon-list.default\">\n\t\t\t\t<div class=\"elementor-widget-container\">\n\t\t\t\t\t\t\t<ul class=\"elementor-icon-list-items\">\n\t\t\t\t\t\t\t<li class=\"elementor-icon-list-item\">\n\t\t\t\t\t\t\t\t\t\t\t<span class=\"elementor-icon-list-icon\">\n\t\t\t\t\t\t\t<svg aria-hidden=\"true\" class=\"e-font-icon-svg e-fas-taxi\" viewbox=\"0 0 512 512\" xmlns=\"http:\/\/www.w3.org\/2000\/svg\"><path d=\"M462 241.64l-22-84.84c-9.6-35.2-41.6-60.8-76.8-60.8H352V64c0-17.67-14.33-32-32-32H192c-17.67 0-32 14.33-32 32v32h-11.2c-35.2 0-67.2 25.6-76.8 60.8l-22 84.84C21.41 248.04 0 273.47 0 304v48c0 23.63 12.95 44.04 32 55.12V448c0 17.67 14.33 32 32 32h32c17.67 0 32-14.33 32-32v-32h256v32c0 17.67 14.33 32 32 32h32c17.67 0 32-14.33 32-32v-40.88c19.05-11.09 32-31.5 32-55.12v-48c0-30.53-21.41-55.96-50-62.36zM96 352c-17.67 0-32-14.33-32-32s14.33-32 32-32 32 14.33 32 32-14.33 32-32 32zm20.55-112l17.2-66.36c2.23-8.16 9.59-13.64 15.06-13.64h214.4c5.47 0 12.83 5.48 14.85 12.86L395.45 240h-278.9zM416 352c-17.67 0-32-14.33-32-32s14.33-32 32-32 32 14.33 32 32-14.33 32-32 32z\"><\/path><\/svg>\t\t\t\t\t\t<\/span>\n\t\t\t\t\t\t\t\t\t\t<span class=\"elementor-icon-list-text\">Florence BALDACCHINO - 06 17 77 37 96<\/span>\n\t\t\t\t\t\t\t\t\t<\/li>\n\t\t\t\t\t\t\t\t<li class=\"elementor-icon-list-item\">\n\t\t\t\t\t\t\t\t\t\t\t<span class=\"elementor-icon-list-icon\">\n\t\t\t\t\t\t\t<svg aria-hidden=\"true\" class=\"e-font-icon-svg e-fas-taxi\" viewbox=\"0 0 512 512\" xmlns=\"http:\/\/www.w3.org\/2000\/svg\"><path d=\"M462 241.64l-22-84.84c-9.6-35.2-41.6-60.8-76.8-60.8H352V64c0-17.67-14.33-32-32-32H192c-17.67 0-32 14.33-32 32v32h-11.2c-35.2 0-67.2 25.6-76.8 60.8l-22 84.84C21.41 248.04 0 273.47 0 304v48c0 23.63 12.95 44.04 32 55.12V448c0 17.67 14.33 32 32 32h32c17.67 0 32-14.33 32-32v-32h256v32c0 17.67 14.33 32 32 32h32c17.67 0 32-14.33 32-32v-40.88c19.05-11.09 32-31.5 32-55.12v-48c0-30.53-21.41-55.96-50-62.36zM96 352c-17.67 0-32-14.33-32-32s14.33-32 32-32 32 14.33 32 32-14.33 32-32 32zm20.55-112l17.2-66.36c2.23-8.16 9.59-13.64 15.06-13.64h214.4c5.47 0 12.83 5.48 14.85 12.86L395.45 240h-278.9zM416 352c-17.67 0-32-14.33-32-32s14.33-32 32-32 32 14.33 32 32-14.33 32-32 32z\"><\/path><\/svg>\t\t\t\t\t\t<\/span>\n\t\t\t\t\t\t\t\t\t\t<span class=\"elementor-icon-list-text\">Herv\u00e9 MILLELIRI - 06 09 69 08 31<\/span>\n\t\t\t\t\t\t\t\t\t<\/li>\n\t\t\t\t\t\t\t\t<li class=\"elementor-icon-list-item\">\n\t\t\t\t\t\t\t\t\t\t\t<span class=\"elementor-icon-list-icon\">\n\t\t\t\t\t\t\t<svg aria-hidden=\"true\" class=\"e-font-icon-svg e-fas-taxi\" viewbox=\"0 0 512 512\" xmlns=\"http:\/\/www.w3.org\/2000\/svg\"><path d=\"M462 241.64l-22-84.84c-9.6-35.2-41.6-60.8-76.8-60.8H352V64c0-17.67-14.33-32-32-32H192c-17.67 0-32 14.33-32 32v32h-11.2c-35.2 0-67.2 25.6-76.8 60.8l-22 84.84C21.41 248.04 0 273.47 0 304v48c0 23.63 12.95 44.04 32 55.12V448c0 17.67 14.33 32 32 32h32c17.67 0 32-14.33 32-32v-32h256v32c0 17.67 14.33 32 32 32h32c17.67 0 32-14.33 32-32v-40.88c19.05-11.09 32-31.5 32-55.12v-48c0-30.53-21.41-55.96-50-62.36zM96 352c-17.67 0-32-14.33-32-32s14.33-32 32-32 32 14.33 32 32-14.33 32-32 32zm20.55-112l17.2-66.36c2.23-8.16 9.59-13.64 15.06-13.64h214.4c5.47 0 12.83 5.48 14.85 12.86L395.45 240h-278.9zM416 352c-17.67 0-32-14.33-32-32s14.33-32 32-32 32 14.33 32 32-14.33 32-32 32z\"><\/path><\/svg>\t\t\t\t\t\t<\/span>\n\t\t\t\t\t\t\t\t\t\t<span class=\"elementor-icon-list-text\">Alexis CIABRINI - 06 86 73 97 80<\/span>\n\t\t\t\t\t\t\t\t\t<\/li>\n\t\t\t\t\t\t\t\t<li class=\"elementor-icon-list-item\">\n\t\t\t\t\t\t\t\t\t\t\t<span class=\"elementor-icon-list-icon\">\n\t\t\t\t\t\t\t<svg aria-hidden=\"true\" class=\"e-font-icon-svg e-fas-taxi\" viewbox=\"0 0 512 512\" xmlns=\"http:\/\/www.w3.org\/2000\/svg\"><path d=\"M462 241.64l-22-84.84c-9.6-35.2-41.6-60.8-76.8-60.8H352V64c0-17.67-14.33-32-32-32H192c-17.67 0-32 14.33-32 32v32h-11.2c-35.2 0-67.2 25.6-76.8 60.8l-22 84.84C21.41 248.04 0 273.47 0 304v48c0 23.63 12.95 44.04 32 55.12V448c0 17.67 14.33 32 32 32h32c17.67 0 32-14.33 32-32v-32h256v32c0 17.67 14.33 32 32 32h32c17.67 0 32-14.33 32-32v-40.88c19.05-11.09 32-31.5 32-55.12v-48c0-30.53-21.41-55.96-50-62.36zM96 352c-17.67 0-32-14.33-32-32s14.33-32 32-32 32 14.33 32 32-14.33 32-32 32zm20.55-112l17.2-66.36c2.23-8.16 9.59-13.64 15.06-13.64h214.4c5.47 0 12.83 5.48 14.85 12.86L395.45 240h-278.9zM416 352c-17.67 0-32-14.33-32-32s14.33-32 32-32 32 14.33 32 32-14.33 32-32 32z\"><\/path><\/svg>\t\t\t\t\t\t<\/span>\n\t\t\t\t\t\t\t\t\t\t<span class=\"elementor-icon-list-text\">Carole LANFRANCHI - 06 72 85 75 29<\/span>\n\t\t\t\t\t\t\t\t\t<\/li>\n\t\t\t\t\t\t\t\t<li class=\"elementor-icon-list-item\">\n\t\t\t\t\t\t\t\t\t\t\t<span class=\"elementor-icon-list-icon\">\n\t\t\t\t\t\t\t<svg aria-hidden=\"true\" class=\"e-font-icon-svg e-fas-taxi\" viewbox=\"0 0 512 512\" xmlns=\"http:\/\/www.w3.org\/2000\/svg\"><path d=\"M462 241.64l-22-84.84c-9.6-35.2-41.6-60.8-76.8-60.8H352V64c0-17.67-14.33-32-32-32H192c-17.67 0-32 14.33-32 32v32h-11.2c-35.2 0-67.2 25.6-76.8 60.8l-22 84.84C21.41 248.04 0 273.47 0 304v48c0 23.63 12.95 44.04 32 55.12V448c0 17.67 14.33 32 32 32h32c17.67 0 32-14.33 32-32v-32h256v32c0 17.67 14.33 32 32 32h32c17.67 0 32-14.33 32-32v-40.88c19.05-11.09 32-31.5 32-55.12v-48c0-30.53-21.41-55.96-50-62.36zM96 352c-17.67 0-32-14.33-32-32s14.33-32 32-32 32 14.33 32 32-14.33 32-32 32zm20.55-112l17.2-66.36c2.23-8.16 9.59-13.64 15.06-13.64h214.4c5.47 0 12.83 5.48 14.85 12.86L395.45 240h-278.9zM416 352c-17.67 0-32-14.33-32-32s14.33-32 32-32 32 14.33 32 32-14.33 32-32 32z\"><\/path><\/svg>\t\t\t\t\t\t<\/span>\n\t\t\t\t\t\t\t\t\t\t<span class=\"elementor-icon-list-text\">LIBERTAXI - 06 11 429 439<\/span>\n\t\t\t\t\t\t\t\t\t<\/li>\n\t\t\t\t\t\t\t\t<li class=\"elementor-icon-list-item\">\n\t\t\t\t\t\t\t\t\t\t\t<span class=\"elementor-icon-list-icon\">\n\t\t\t\t\t\t\t<svg aria-hidden=\"true\" class=\"e-font-icon-svg e-fas-taxi\" viewbox=\"0 0 512 512\" xmlns=\"http:\/\/www.w3.org\/2000\/svg\"><path d=\"M462 241.64l-22-84.84c-9.6-35.2-41.6-60.8-76.8-60.8H352V64c0-17.67-14.33-32-32-32H192c-17.67 0-32 14.33-32 32v32h-11.2c-35.2 0-67.2 25.6-76.8 60.8l-22 84.84C21.41 248.04 0 273.47 0 304v48c0 23.63 12.95 44.04 32 55.12V448c0 17.67 14.33 32 32 32h32c17.67 0 32-14.33 32-32v-32h256v32c0 17.67 14.33 32 32 32h32c17.67 0 32-14.33 32-32v-40.88c19.05-11.09 32-31.5 32-55.12v-48c0-30.53-21.41-55.96-50-62.36zM96 352c-17.67 0-32-14.33-32-32s14.33-32 32-32 32 14.33 32 32-14.33 32-32 32zm20.55-112l17.2-66.36c2.23-8.16 9.59-13.64 15.06-13.64h214.4c5.47 0 12.83 5.48 14.85 12.86L395.45 240h-278.9zM416 352c-17.67 0-32-14.33-32-32s14.33-32 32-32 32 14.33 32 32-14.33 32-32 32z\"><\/path><\/svg>\t\t\t\t\t\t<\/span>\n\t\t\t\t\t\t\t\t\t\t<span class=\"elementor-icon-list-text\">Fr\u00e9d\u00e9ric SAULI - 07 68 86 02 80<\/span>\n\t\t\t\t\t\t\t\t\t<\/li>\n\t\t\t\t\t\t\t\t<li class=\"elementor-icon-list-item\">\n\t\t\t\t\t\t\t\t\t\t\t<span class=\"elementor-icon-list-icon\">\n\t\t\t\t\t\t\t<svg aria-hidden=\"true\" class=\"e-font-icon-svg e-fas-taxi\" viewbox=\"0 0 512 512\" xmlns=\"http:\/\/www.w3.org\/2000\/svg\"><path d=\"M462 241.64l-22-84.84c-9.6-35.2-41.6-60.8-76.8-60.8H352V64c0-17.67-14.33-32-32-32H192c-17.67 0-32 14.33-32 32v32h-11.2c-35.2 0-67.2 25.6-76.8 60.8l-22 84.84C21.41 248.04 0 273.47 0 304v48c0 23.63 12.95 44.04 32 55.12V448c0 17.67 14.33 32 32 32h32c17.67 0 32-14.33 32-32v-32h256v32c0 17.67 14.33 32 32 32h32c17.67 0 32-14.33 32-32v-40.88c19.05-11.09 32-31.5 32-55.12v-48c0-30.53-21.41-55.96-50-62.36zM96 352c-17.67 0-32-14.33-32-32s14.33-32 32-32 32 14.33 32 32-14.33 32-32 32zm20.55-112l17.2-66.36c2.23-8.16 9.59-13.64 15.06-13.64h214.4c5.47 0 12.83 5.48 14.85 12.86L395.45 240h-278.9zM416 352c-17.67 0-32-14.33-32-32s14.33-32 32-32 32 14.33 32 32-14.33 32-32 32z\"><\/path><\/svg>\t\t\t\t\t\t<\/span>\n\t\t\t\t\t\t\t\t\t\t<span class=\"elementor-icon-list-text\">Marc CHIARELLI - 06 27 83 44 02<\/span>\n\t\t\t\t\t\t\t\t\t<\/li>\n\t\t\t\t\t\t\t\t<li class=\"elementor-icon-list-item\">\n\t\t\t\t\t\t\t\t\t\t\t<span class=\"elementor-icon-list-icon\">\n\t\t\t\t\t\t\t<svg aria-hidden=\"true\" class=\"e-font-icon-svg e-fas-taxi\" viewbox=\"0 0 512 512\" xmlns=\"http:\/\/www.w3.org\/2000\/svg\"><path d=\"M462 241.64l-22-84.84c-9.6-35.2-41.6-60.8-76.8-60.8H352V64c0-17.67-14.33-32-32-32H192c-17.67 0-32 14.33-32 32v32h-11.2c-35.2 0-67.2 25.6-76.8 60.8l-22 84.84C21.41 248.04 0 273.47 0 304v48c0 23.63 12.95 44.04 32 55.12V448c0 17.67 14.33 32 32 32h32c17.67 0 32-14.33 32-32v-32h256v32c0 17.67 14.33 32 32 32h32c17.67 0 32-14.33 32-32v-40.88c19.05-11.09 32-31.5 32-55.12v-48c0-30.53-21.41-55.96-50-62.36zM96 352c-17.67 0-32-14.33-32-32s14.33-32 32-32 32 14.33 32 32-14.33 32-32 32zm20.55-112l17.2-66.36c2.23-8.16 9.59-13.64 15.06-13.64h214.4c5.47 0 12.83 5.48 14.85 12.86L395.45 240h-278.9zM416 352c-17.67 0-32-14.33-32-32s14.33-32 32-32 32 14.33 32 32-14.33 32-32 32z\"><\/path><\/svg>\t\t\t\t\t\t<\/span>\n\t\t\t\t\t\t\t\t\t\t<span class=\"elementor-icon-list-text\">Guy CANARELLI - 06 11 52 11 74<\/span>\n\t\t\t\t\t\t\t\t\t<\/li>\n\t\t\t\t\t\t<\/ul>\n\t\t\t\t\t\t<\/div>\n\t\t\t\t<\/div>\n\t\t\t\t\t<\/div>\n\t\t\t\t<\/div>\n\t\t\t\t<\/div>","protected":false},"excerpt":{"rendered":"<p>Les taxis de l&rsquo;a\u00e9roport de Figari-Sud Corse sont stationn\u00e9s devant la zone des arriv\u00e9es. Florence BALDACCHINO &#8211; 06 17 77 37 96 Herv\u00e9 MILLELIRI &#8211; 06 09 69 08 31 Alexis CIABRINI &#8211; 06 86 73 97 80 Carole LANFRANCHI &#8211; 06 72 85 75 29 Soci\u00e9t\u00e9 LIBERTAXI &#8211; 06 11 429 439 Fr\u00e9d\u00e9ric SAULI [&hellip;]<\/p>\n","protected":false},"author":4,"featured_media":0,"parent":0,"menu_order":0,"comment_status":"closed","ping_status":"closed","template":"","meta":{"_acf_changed":false,"_seopress_robots_primary_cat":"","_seopress_titles_title":"","_seopress_titles_desc":"","_seopress_robots_index":"","footnotes":""},"type-de-page":[5],"class_list":["post-571","page","type-page","status-publish","hentry","type-de-page-page-sans-image"],"acf":[],"_links":{"self":[{"href":"https:\/\/figari-aeroport.cci.corsica\/en\/wp-json\/wp\/v2\/pages\/571","targetHints":{"allow":["GET"]}}],"collection":[{"href":"https:\/\/figari-aeroport.cci.corsica\/en\/wp-json\/wp\/v2\/pages"}],"about":[{"href":"https:\/\/figari-aeroport.cci.corsica\/en\/wp-json\/wp\/v2\/types\/page"}],"author":[{"embeddable":true,"href":"https:\/\/figari-aeroport.cci.corsica\/en\/wp-json\/wp\/v2\/users\/4"}],"replies":[{"embeddable":true,"href":"https:\/\/figari-aeroport.cci.corsica\/en\/wp-json\/wp\/v2\/comments?post=571"}],"version-history":[{"count":10,"href":"https:\/\/figari-aeroport.cci.corsica\/en\/wp-json\/wp\/v2\/pages\/571\/revisions"}],"predecessor-version":[{"id":1707,"href":"https:\/\/figari-aeroport.cci.corsica\/en\/wp-json\/wp\/v2\/pages\/571\/revisions\/1707"}],"wp:attachment":[{"href":"https:\/\/figari-aeroport.cci.corsica\/en\/wp-json\/wp\/v2\/media?parent=571"}],"wp:term":[{"taxonomy":"type-de-page","embeddable":true,"href":"https:\/\/figari-aeroport.cci.corsica\/en\/wp-json\/wp\/v2\/type-de-page?post=571"}],"curies":[{"name":"wp","href":"https:\/\/api.w.org\/{rel}","templated":true}]}}