{"id":585,"date":"2024-06-09T23:21:45","date_gmt":"2024-06-09T21:21:45","guid":{"rendered":"https:\/\/figari-aeroport.cci.corsica\/?page_id=585"},"modified":"2024-07-19T08:43:55","modified_gmt":"2024-07-19T06:43:55","slug":"activities","status":"publish","type":"page","link":"https:\/\/figari-aeroport.cci.corsica\/en\/activites\/","title":{"rendered":"Activities"},"content":{"rendered":"<div data-elementor-type=\"wp-page\" data-elementor-id=\"585\" class=\"elementor elementor-585\" data-elementor-post-type=\"page\">\n\t\t\t\t<div class=\"elementor-element elementor-element-47e5f9ca e-flex e-con-boxed e-con e-parent\" data-id=\"47e5f9ca\" data-element_type=\"container\">\n\t\t\t\t\t<div class=\"e-con-inner\">\n\t\t<div class=\"elementor-element elementor-element-7bedd5a2 e-con-full e-flex e-con e-child\" data-id=\"7bedd5a2\" data-element_type=\"container\" data-settings=\"{&quot;background_background&quot;:&quot;classic&quot;}\">\n\t\t\t\t<\/div>\n\t\t<div class=\"elementor-element elementor-element-15fd6997 e-con-full e-flex e-con e-child\" data-id=\"15fd6997\" data-element_type=\"container\">\n\t\t\t\t<div class=\"elementor-element elementor-element-1c325821 elementor-widget elementor-widget-text-editor\" data-id=\"1c325821\" data-element_type=\"widget\" data-widget_type=\"text-editor.default\">\n\t\t\t\t<div class=\"elementor-widget-container\">\n\t\t\t\t\t\t\t\t\t<h3>\u00a0<strong style=\"letter-spacing: 0px\">MANAGING <\/strong><strong style=\"letter-spacing: 0px\">INFRASTRUCTURES<\/strong><\/h3><p>We are responsible for all the maintenance and development of the infrastructure, to guarantee a high-quality, efficient service for our passengers and partners:<\/p><ul><li>Airlines;<\/li><li>Assistants on the ground;<\/li><li>Companies located on the concession.<\/li><\/ul>\t\t\t\t\t\t\t\t<\/div>\n\t\t\t\t<\/div>\n\t\t\t\t<\/div>\n\t\t\t\t\t<\/div>\n\t\t\t\t<\/div>\n\t\t<div class=\"elementor-element elementor-element-43f0bb56 e-flex e-con-boxed e-con e-parent\" data-id=\"43f0bb56\" data-element_type=\"container\">\n\t\t\t\t\t<div class=\"e-con-inner\">\n\t\t<div class=\"elementor-element elementor-element-26bbd7c6 e-con-full e-flex e-con e-child\" data-id=\"26bbd7c6\" data-element_type=\"container\">\n\t\t\t\t<div class=\"elementor-element elementor-element-7aa63392 elementor-widget elementor-widget-text-editor\" data-id=\"7aa63392\" data-element_type=\"widget\" data-widget_type=\"text-editor.default\">\n\t\t\t\t<div class=\"elementor-widget-container\">\n\t\t\t\t\t\t\t\t\t<h3><strong>LINE DEVELOPMENT <br \/><\/strong><\/h3><p>Our teams are working to develop the network with the airlines and to improve the connectivity of our region. The aim is to offer our passengers reliable connections between Corsica, the main regional cities and the European capitals.<\/p>\t\t\t\t\t\t\t\t<\/div>\n\t\t\t\t<\/div>\n\t\t\t\t<\/div>\n\t\t<div class=\"elementor-element elementor-element-1363f565 e-con-full e-flex e-con e-child\" data-id=\"1363f565\" data-element_type=\"container\" data-settings=\"{&quot;background_background&quot;:&quot;classic&quot;}\">\n\t\t\t\t<\/div>\n\t\t\t\t\t<\/div>\n\t\t\t\t<\/div>\n\t\t<div class=\"elementor-element elementor-element-1af5b778 e-flex e-con-boxed e-con e-parent\" data-id=\"1af5b778\" data-element_type=\"container\">\n\t\t\t\t\t<div class=\"e-con-inner\">\n\t\t<div class=\"elementor-element elementor-element-493000ad e-con-full e-flex e-con e-child\" data-id=\"493000ad\" data-element_type=\"container\" data-settings=\"{&quot;background_background&quot;:&quot;classic&quot;}\">\n\t\t\t\t<\/div>\n\t\t<div class=\"elementor-element elementor-element-249882d1 e-con-full e-flex e-con e-child\" data-id=\"249882d1\" data-element_type=\"container\">\n\t\t\t\t<div class=\"elementor-element elementor-element-54d4946b elementor-widget elementor-widget-text-editor\" data-id=\"54d4946b\" data-element_type=\"widget\" data-widget_type=\"text-editor.default\">\n\t\t\t\t<div class=\"elementor-widget-container\">\n\t\t\t\t\t\t\t\t\t<h3>INFRASTRUCTURE DEVELOPMENT<\/h3><p>Modernising our platform is one of our core concerns, which is why we are carrying out major works that will give our structure a new image while combining environmental performance and contributing to a cleaner, more sustainable aeronautics industry.<\/p>\t\t\t\t\t\t\t\t<\/div>\n\t\t\t\t<\/div>\n\t\t\t\t<\/div>\n\t\t\t\t\t<\/div>\n\t\t\t\t<\/div>\n\t\t<div class=\"elementor-element elementor-element-15f3e1f8 e-flex e-con-boxed e-con e-parent\" data-id=\"15f3e1f8\" data-element_type=\"container\">\n\t\t\t\t\t<div class=\"e-con-inner\">\n\t\t<div class=\"elementor-element elementor-element-68f9b620 e-con-full e-flex e-con e-child\" data-id=\"68f9b620\" data-element_type=\"container\">\n\t\t\t\t<div class=\"elementor-element elementor-element-435ce608 elementor-widget elementor-widget-text-editor\" data-id=\"435ce608\" data-element_type=\"widget\" data-widget_type=\"text-editor.default\">\n\t\t\t\t<div class=\"elementor-widget-container\">\n\t\t\t\t\t\t\t\t\t<h3><strong>QUALITY OF SERVICE AND PASSENGER EXPERIENCE\u00a0<\/strong><\/h3><p>Our teams work hard every day to offer a quality of service that meets passengers' expectations as closely as possible.<\/p>\t\t\t\t\t\t\t\t<\/div>\n\t\t\t\t<\/div>\n\t\t\t\t<\/div>\n\t\t<div class=\"elementor-element elementor-element-6a937adb e-con-full e-flex e-con e-child\" data-id=\"6a937adb\" data-element_type=\"container\" data-settings=\"{&quot;background_background&quot;:&quot;classic&quot;}\">\n\t\t\t\t<\/div>\n\t\t\t\t\t<\/div>\n\t\t\t\t<\/div>\n\t\t\t\t<\/div>","protected":false},"excerpt":{"rendered":"<p>\u00a0GESTION DES INFRASTRUCTURES Nous assurons l\u2019ensemble de la maintenance et le d\u00e9veloppement des infrastructures, pour garantir un service de qualit\u00e9 et efficient \u00e0 nos passagers et nos partenaires : Compagnies a\u00e9riennes; Assistants au sol; Entreprises implant\u00e9es sur la concession. D\u00c9VELOPPEMENT DES LIGNES Nos \u00e9quipes travaillent au d\u00e9veloppement du r\u00e9seau avec les compagnies et \u00e0 la [&hellip;]<\/p>\n","protected":false},"author":4,"featured_media":0,"parent":0,"menu_order":0,"comment_status":"closed","ping_status":"closed","template":"","meta":{"_acf_changed":false,"_seopress_robots_primary_cat":"","_seopress_titles_title":"","_seopress_titles_desc":"","_seopress_robots_index":"","footnotes":""},"type-de-page":[5],"class_list":["post-585","page","type-page","status-publish","hentry","type-de-page-page-sans-image"],"acf":[],"_links":{"self":[{"href":"https:\/\/figari-aeroport.cci.corsica\/en\/wp-json\/wp\/v2\/pages\/585","targetHints":{"allow":["GET"]}}],"collection":[{"href":"https:\/\/figari-aeroport.cci.corsica\/en\/wp-json\/wp\/v2\/pages"}],"about":[{"href":"https:\/\/figari-aeroport.cci.corsica\/en\/wp-json\/wp\/v2\/types\/page"}],"author":[{"embeddable":true,"href":"https:\/\/figari-aeroport.cci.corsica\/en\/wp-json\/wp\/v2\/users\/4"}],"replies":[{"embeddable":true,"href":"https:\/\/figari-aeroport.cci.corsica\/en\/wp-json\/wp\/v2\/comments?post=585"}],"version-history":[{"count":19,"href":"https:\/\/figari-aeroport.cci.corsica\/en\/wp-json\/wp\/v2\/pages\/585\/revisions"}],"predecessor-version":[{"id":1427,"href":"https:\/\/figari-aeroport.cci.corsica\/en\/wp-json\/wp\/v2\/pages\/585\/revisions\/1427"}],"wp:attachment":[{"href":"https:\/\/figari-aeroport.cci.corsica\/en\/wp-json\/wp\/v2\/media?parent=585"}],"wp:term":[{"taxonomy":"type-de-page","embeddable":true,"href":"https:\/\/figari-aeroport.cci.corsica\/en\/wp-json\/wp\/v2\/type-de-page?post=585"}],"curies":[{"name":"wp","href":"https:\/\/api.w.org\/{rel}","templated":true}]}}