{"id":722,"date":"2024-06-11T16:29:58","date_gmt":"2024-06-11T14:29:58","guid":{"rendered":"https:\/\/figari-aeroport.cci.corsica\/?page_id=722"},"modified":"2024-10-14T09:59:09","modified_gmt":"2024-10-14T07:59:09","slug":"sustainable-development","status":"publish","type":"page","link":"https:\/\/figari-aeroport.cci.corsica\/en\/developpement-durable\/","title":{"rendered":"Sustainable development"},"content":{"rendered":"<div data-elementor-type=\"wp-page\" data-elementor-id=\"722\" class=\"elementor elementor-722\" data-elementor-post-type=\"page\">\n\t\t\t\t<div class=\"elementor-element elementor-element-e5785d1 e-flex e-con-boxed e-con e-parent\" data-id=\"e5785d1\" data-element_type=\"container\">\n\t\t\t\t\t<div class=\"e-con-inner\">\n\t\t\t\t<div class=\"elementor-element elementor-element-acd533c elementor-widget elementor-widget-text-editor\" data-id=\"acd533c\" data-element_type=\"widget\" data-widget_type=\"text-editor.default\">\n\t\t\t\t<div class=\"elementor-widget-container\">\n\t\t\t\t\t\t\t\t\t<p>Our Quality Safety Environment department designs, coordinates and directs the implementation of the management system in these three areas.<\/p>\n<ul>\n<li>Our missions <b>SECURITY <\/b>are to keep abreast of changes in regulations, to ensure that the departments concerned are aware of and apply them, and to train our various staff in this area.<\/li>\n<li>The missions <strong>QUALITY<\/strong> We work on a wide range of issues, from document audits to customer satisfaction.<\/li>\n<li>Finally in <strong>ENVIRONMENT<\/strong>, Our ambition is to make our site more environmentally friendly by reducing our carbon footprint, to raise awareness among people working at the airport of the \u00abgreen gestures\u00bb to adopt, and to preserve as much of the natural environment around us as possible.<\/li>\n<\/ul>\n<p>\u00a0<\/p>\n<p>Le <strong>Quality Safety Environment department<\/strong> is committed to actions in favour of the environment and sustainable development.<\/p>\n<p>As part of our Airport Carbon Accreditation level 2 certification, we are working to reduce - or at least maintain - our carbon emissions each year, with actions such as switching to LED lighting and stricter management of heating and air conditioning.<\/p>\n<p>Our approach does not stop there, and we are working daily on ecological projects, such as the installation of photovoltaic panels on our car parks, the renewal of our A\u00e9ro Biodiversit\u00e9 label, and the creation of an in-house recycling centre for all those involved in the airport site.<\/p>\n<p>\u00a0<\/p>\t\t\t\t\t\t\t\t<\/div>\n\t\t\t\t<\/div>\n\t\t\t\t\t<\/div>\n\t\t\t\t<\/div>\n\t\t\t\t<\/div>","protected":false},"excerpt":{"rendered":"<p>Notre service Qualit\u00e9 S\u00e9curit\u00e9 Environnement con\u00e7oit, coordonne et dirige la mise en \u0153uvre du syst\u00e8me de management de ces trois domaines. Nos missions SECURITE consistent \u00e0 veiller \u00e0 l\u2019\u00e9volution r\u00e8glementaire, la faire connaitre et appliquer aux services concern\u00e9s, et former nos diff\u00e9rents agents sur cette th\u00e9matique. Les missions QUALITE sur lesquelles nous travaillons sont tr\u00e8s [&hellip;]<\/p>\n","protected":false},"author":4,"featured_media":0,"parent":0,"menu_order":0,"comment_status":"closed","ping_status":"closed","template":"","meta":{"_acf_changed":false,"_seopress_robots_primary_cat":"","_seopress_titles_title":"","_seopress_titles_desc":"","_seopress_robots_index":"","footnotes":""},"type-de-page":[5],"class_list":["post-722","page","type-page","status-publish","hentry","type-de-page-page-sans-image"],"acf":[],"_links":{"self":[{"href":"https:\/\/figari-aeroport.cci.corsica\/en\/wp-json\/wp\/v2\/pages\/722","targetHints":{"allow":["GET"]}}],"collection":[{"href":"https:\/\/figari-aeroport.cci.corsica\/en\/wp-json\/wp\/v2\/pages"}],"about":[{"href":"https:\/\/figari-aeroport.cci.corsica\/en\/wp-json\/wp\/v2\/types\/page"}],"author":[{"embeddable":true,"href":"https:\/\/figari-aeroport.cci.corsica\/en\/wp-json\/wp\/v2\/users\/4"}],"replies":[{"embeddable":true,"href":"https:\/\/figari-aeroport.cci.corsica\/en\/wp-json\/wp\/v2\/comments?post=722"}],"version-history":[{"count":7,"href":"https:\/\/figari-aeroport.cci.corsica\/en\/wp-json\/wp\/v2\/pages\/722\/revisions"}],"predecessor-version":[{"id":1176,"href":"https:\/\/figari-aeroport.cci.corsica\/en\/wp-json\/wp\/v2\/pages\/722\/revisions\/1176"}],"wp:attachment":[{"href":"https:\/\/figari-aeroport.cci.corsica\/en\/wp-json\/wp\/v2\/media?parent=722"}],"wp:term":[{"taxonomy":"type-de-page","embeddable":true,"href":"https:\/\/figari-aeroport.cci.corsica\/en\/wp-json\/wp\/v2\/type-de-page?post=722"}],"curies":[{"name":"wp","href":"https:\/\/api.w.org\/{rel}","templated":true}]}}